{"id":374,"date":"2026-02-23T18:29:45","date_gmt":"2026-02-23T18:29:45","guid":{"rendered":"https:\/\/crash-games.net\/?page_id=374"},"modified":"2026-02-23T18:41:31","modified_gmt":"2026-02-23T18:41:31","slug":"co-bac-co-trach-nhiem","status":"publish","type":"page","link":"https:\/\/crash-games.net\/vi\/guides\/responsible-gambling\/","title":{"rendered":"C\u1edd b\u1ea1c c\u00f3 tr\u00e1ch nhi\u1ec7m \u2014 Gi\u1eef v\u1eefng ki\u1ec3m so\u00e1t"},"content":{"rendered":"<p>Tr\u00f2 ch\u01a1i \u0111ua xe \u0111\u01b0\u1ee3c thi\u1ebft k\u1ebf \u0111\u1ec3 nhanh ch\u00f3ng, h\u1ea5p d\u1eabn v\u00e0 cu\u1ed1n h\u00fat. \u0110\u00f3 ch\u00ednh l\u00e0 \u0111i\u1ec1u khi\u1ebfn ch\u00fang tr\u1edf n\u00ean th\u00fa v\u1ecb \u2014 v\u00e0 c\u0169ng l\u00e0 \u0111i\u1ec1u khi\u1ebfn ch\u00fang tr\u1edf n\u00ean nguy hi\u1ec3m n\u1ebfu b\u1ea1n ch\u01a1i m\u00e0 kh\u00f4ng c\u00f3 gi\u1edbi h\u1ea1n. T\u1ed1c \u0111\u1ed9 c\u1ee7a m\u1ed7i v\u00f2ng \u0111ua, nh\u1eefng pha su\u00fdt va ch\u1ea1m, s\u1ef1 c\u00e1m d\u1ed7 mu\u1ed1n gi\u00e0nh th\u00eam m\u1ed9t chi\u1ebfn th\u1eafng n\u1eefa \u2014 \u0111\u00f3 l\u00e0 nh\u1eefng t\u00ednh n\u0103ng, kh\u00f4ng ph\u1ea3i l\u1ed7i. Ch\u00fang khi\u1ebfn b\u1ea1n ti\u1ebfp t\u1ee5c ch\u01a1i.<\/p>\n\n\n\n<p>Trang n\u00e0y kh\u00f4ng nh\u1eb1m m\u1ee5c \u0111\u00edch r\u0103n d\u1ea1y b\u1ea1n. N\u00f3 \u0111\u01b0\u1ee3c t\u1ea1o ra \u0111\u1ec3 cung c\u1ea5p cho b\u1ea1n nh\u1eefng c\u00f4ng c\u1ee5 th\u1ef1c ti\u1ec5n v\u00e0 th\u00f4ng tin trung th\u1ef1c, gi\u00fap b\u1ea1n c\u00f3 th\u1ec3 t\u1eadn h\u01b0\u1edfng c\u00e1c tr\u00f2 ch\u01a1i m\u00e0 kh\u00f4ng \u0111\u1ec3 ch\u00fang tr\u1edf th\u00e0nh v\u1ea5n \u0111\u1ec1.<\/p>\n\n\n\n<h3 class=\"wp-block-heading\" id=\"h-set-limits-before-you-play\">\u0110\u1eb7t gi\u1edbi h\u1ea1n tr\u01b0\u1edbc khi ch\u01a1i<\/h3>\n\n\n\n<p>Th\u1eddi \u0111i\u1ec3m hi\u1ec7u qu\u1ea3 nh\u1ea5t \u0111\u1ec3 \u0111\u1eb7t gi\u1edbi h\u1ea1n l\u00e0 <em>tr\u01b0\u1edbc<\/em> B\u1ea1n b\u1eaft \u0111\u1ea7u m\u1ed9t phi\u00ean ch\u01a1i \u2014 kh\u00f4ng ph\u1ea3i trong khi \u0111ang ch\u01a1i. Khi b\u1ea1n \u0111ang gi\u1eefa tr\u1eadn, c\u1ea3m x\u00fac l\u1ea5n \u00e1t v\u00e0 \u201cch\u1ec9 th\u00eam m\u1ed9t v\u00e1n n\u1eefa\u201d tr\u1edf th\u00e0nh l\u1ef1a ch\u1ecdn m\u1eb7c \u0111\u1ecbnh.<\/p>\n\n\n\n<ul class=\"wp-block-list\">\n<li><strong>Ng\u00e2n s\u00e1ch phi\u00ean h\u1ecdp<\/strong> \u2014 Quy\u1ebft \u0111\u1ecbnh ch\u00ednh x\u00e1c s\u1ed1 ti\u1ec1n b\u1ea1n s\u1eb5n s\u00e0ng m\u1ea5t h\u00f4m nay. Khi s\u1ed1 ti\u1ec1n \u0111\u00f3 h\u1ebft, h\u00e3y d\u1eebng l\u1ea1i. Kh\u00f4ng c\u00f3 ngo\u1ea1i l\u1ec7.<\/li>\n\n\n\n<li><strong>H\u1ea1n ch\u00f3t<\/strong> \u2014 \u0110\u1eb7t h\u1eb9n gi\u1edd tr\u00ean \u0111i\u1ec7n tho\u1ea1i c\u1ee7a b\u1ea1n. C\u00e1c v\u00f2ng ch\u01a1i di\u1ec5n ra r\u1ea5t nhanh, v\u00e0 m\u1ed9t gi\u1edd c\u00f3 th\u1ec3 tr\u00f4i qua m\u00e0 b\u1ea1n kh\u00f4ng h\u1ec1 hay bi\u1ebft.<\/li>\n\n\n\n<li><strong>Quy t\u1eafc c\u1eaft l\u1ed7<\/strong> \u2014 N\u1ebfu b\u1ea1n m\u1ea5t m\u1ed9t t\u1ef7 l\u1ec7 ph\u1ea7n tr\u0103m nh\u1ea5t \u0111\u1ecbnh c\u1ee7a ng\u00e2n s\u00e1ch phi\u00ean ch\u01a1i (v\u00ed d\u1ee5: 50%), h\u00e3y ng\u1eebng ch\u01a1i. \u0110\u1eebng c\u1ed1 g\u1eafng l\u1ea5y l\u1ea1i s\u1ed1 ti\u1ec1n \u0111\u00e3 m\u1ea5t.<\/li>\n\n\n\n<li><strong>Quy t\u1eafc d\u1eebng khi th\u1eafng<\/strong> \u2014 N\u1ebfu b\u1ea1n \u0111\u00e3 th\u1eafng m\u1ed9t s\u1ed1 ti\u1ec1n nh\u1ea5t \u0111\u1ecbnh, h\u00e3y r\u00fat ti\u1ec1n v\u00e0 ra v\u1ec1. Chu\u1ed7i th\u1eafng kh\u00f4ng k\u00e9o d\u00e0i \u2014 ch\u00fang l\u00e0 ng\u1eabu nhi\u00ean.<\/li>\n<\/ul>\n\n\n\n<p>Nhi\u1ec1u s\u00f2ng b\u1ea1c cung c\u1ea5p c\u00e1c c\u00f4ng c\u1ee5 t\u00edch h\u1ee3p s\u1eb5n \u0111\u1ec3 gi\u1edbi h\u1ea1n s\u1ed1 ti\u1ec1n n\u1ea1p, gi\u1edbi h\u1ea1n thua l\u1ed7, gi\u1edbi h\u1ea1n th\u1eddi gian ch\u01a1i v\u00e0 th\u1eddi gian ngh\u1ec9 ng\u01a1i. H\u00e3y s\u1eed d\u1ee5ng ch\u00fang. Ch\u00fang t\u1ed3n t\u1ea1i v\u00ec ch\u00fang hi\u1ec7u qu\u1ea3.<\/p>\n\n\n\n<h3 class=\"wp-block-heading\" id=\"h-warning-signs\">D\u1ea5u hi\u1ec7u c\u1ea3nh b\u00e1o cho th\u1ea5y vi\u1ec7c ch\u01a1i game \u0111\u00e3 tr\u1edf n\u00ean kh\u00f4ng l\u00e0nh m\u1ea1nh<\/h3>\n\n\n\n<p>Kh\u00f4ng ph\u1ea3i m\u1ecdi ng\u01b0\u1eddi ch\u01a1i thua ti\u1ec1n \u0111\u1ec1u c\u00f3 v\u1ea5n \u0111\u1ec1 v\u1ec1 c\u1edd b\u1ea1c. Nh\u01b0ng n\u1ebfu b\u1ea1n nh\u1eadn ra m\u1ed9t s\u1ed1 d\u1ea5u hi\u1ec7u sau \u0111\u00e2y \u1edf b\u1ea3n th\u00e2n, h\u00e3y c\u00e2n nh\u1eafc vi\u1ec7c d\u1eebng l\u1ea1i:<\/p>\n\n\n\n<ul class=\"wp-block-list\">\n<li>B\u1ea1n chi ti\u00eau nhi\u1ec1u h\u01a1n so v\u1edbi k\u1ebf ho\u1ea1ch \u2014 th\u01b0\u1eddng xuy\u00ean, kh\u00f4ng ch\u1ec9 m\u1ed9t l\u1ea7n.<\/li>\n\n\n\n<li>B\u1ea1n \u0111u\u1ed5i theo nh\u1eefng kho\u1ea3n l\u1ed7, t\u1ef1 nh\u1ee7 r\u1eb1ng m\u00ecnh s\u1ebd d\u1eebng l\u1ea1i m\u1ed9t khi \u0111\u1ea1t \u0111\u01b0\u1ee3c \u0111i\u1ec3m h\u00f2a v\u1ed1n.\u201c<\/li>\n\n\n\n<li>B\u1ea1n c\u1ea3m th\u1ea5y lo l\u1eafng, d\u1ec5 c\u00e1u g\u1eaft ho\u1eb7c b\u1ed3n ch\u1ed3n khi kh\u00f4ng ch\u01a1i game.<\/li>\n\n\n\n<li>B\u1ea1n gi\u1ea5u gi\u1ebfm s\u1ed1 ti\u1ec1n ho\u1eb7c th\u1eddi gian m\u00e0 b\u1ea1n d\u00e0nh cho vi\u1ec7c c\u00e1 c\u01b0\u1ee3c.<\/li>\n\n\n\n<li>B\u1ea1n vay ti\u1ec1n ho\u1eb7c s\u1eed d\u1ee5ng s\u1ed1 ti\u1ec1n d\u00e0nh cho h\u00f3a \u0111\u01a1n, ti\u1ec1n thu\u00ea nh\u00e0 ho\u1eb7c c\u00e1c nhu y\u1ebfu ph\u1ea9m.<\/li>\n\n\n\n<li>B\u1ea1n lu\u00f4n ngh\u0129 v\u1ec1 c\u1edd b\u1ea1c, ngay c\u1ea3 khi \u0111ang l\u00e0m vi\u1ec7c ho\u1eb7c trong c\u00e1c t\u00ecnh hu\u1ed1ng x\u00e3 h\u1ed9i.<\/li>\n\n\n\n<li>B\u1ea1n c\u1ea3m th\u1ea5y kh\u00f4ng th\u1ec3 d\u1eebng l\u1ea1i ngay c\u1ea3 khi b\u1ea1n mu\u1ed1n.<\/li>\n\n\n\n<li>Chi\u1ebfn th\u1eafng kh\u00f4ng c\u00f2n mang l\u1ea1i c\u1ea3m gi\u00e1c th\u1ecfa m\u00e3n \u2014 b\u1ea1n ngay l\u1eadp t\u1ee9c mu\u1ed1n \u0111\u1eb7t c\u01b0\u1ee3c l\u1ea1i.<\/li>\n<\/ul>\n\n\n\n<p>N\u1ebfu b\u1ea5t k\u1ef3 \u0111i\u1ec1u g\u00ec trong s\u1ed1 n\u00e0y nghe quen thu\u1ed9c v\u1edbi b\u1ea1n, h\u00e3y c\u00e2n nh\u1eafc li\u00ean h\u1ec7 v\u1edbi m\u1ed9t t\u1ed5 ch\u1ee9c h\u1ed7 tr\u1ee3. Kh\u00f4ng c\u00f3 g\u00ec ph\u1ea3i x\u1ea5u h\u1ed5 khi xin gi\u00fap \u0111\u1ee1.<\/p>\n\n\n\n<h3 class=\"wp-block-heading\" id=\"h-self-exclusion\">C\u00f4ng c\u1ee5 t\u1ef1 lo\u1ea1i tr\u1eeb<\/h3>\n\n\n\n<p>H\u1ea7u h\u1ebft c\u00e1c s\u00f2ng b\u1ea1c tr\u1ef1c tuy\u1ebfn c\u00f3 gi\u1ea5y ph\u00e9p \u0111\u1ec1u cung c\u1ea5p t\u00f9y ch\u1ecdn t\u1ef1 lo\u1ea1i tr\u1eeb, cho ph\u00e9p b\u1ea1n ch\u1eb7n b\u1ea3n th\u00e2n kh\u1ecfi n\u1ec1n t\u1ea3ng trong m\u1ed9t kho\u1ea3ng th\u1eddi gian nh\u1ea5t \u0111\u1ecbnh \u2014 th\u01b0\u1eddng t\u1eeb 24 gi\u1edd \u0111\u1ebfn v\u00e0i th\u00e1ng ho\u1eb7c v\u0129nh vi\u1ec5n. B\u1ea1n c\u00f3 th\u1ec3 t\u00ecm t\u00f9y ch\u1ecdn n\u00e0y trong ph\u1ea7n c\u00e0i \u0111\u1eb7t t\u00e0i kho\u1ea3n ho\u1eb7c li\u00ean h\u1ec7 v\u1edbi \u0111\u1ed9i ng\u0169 h\u1ed7 tr\u1ee3 c\u1ee7a s\u00f2ng b\u1ea1c.<\/p>\n\n\n\n<p>C\u00e1c c\u00f4ng c\u1ee5 c\u1ee7a b\u00ean th\u1ee9 ba nh\u01b0 <strong>GamStop<\/strong> (V\u01b0\u01a1ng qu\u1ed1c Anh), <strong>OASIS<\/strong> (\u0110\u1ee9c), ho\u1eb7c <strong>Gi\u1ea3i lao<\/strong> (Th\u1ee5y \u0110i\u1ec3n) cho ph\u00e9p b\u1ea1n t\u1ef1 lo\u1ea1i tr\u1eeb kh\u1ecfi nhi\u1ec1u nh\u00e0 cung c\u1ea5p d\u1ecbch v\u1ee5 c\u00f9ng l\u00fac. Ki\u1ec3m tra c\u00e1c t\u00f9y ch\u1ecdn c\u00f3 s\u1eb5n trong khu v\u1ef1c c\u1ee7a b\u1ea1n.<\/p>\n\n\n\n<h3 class=\"wp-block-heading\" id=\"h-support-resources\">Ngu\u1ed3n l\u1ef1c h\u1ed7 tr\u1ee3<\/h3>\n\n\n\n<p>N\u1ebfu b\u1ea1n ho\u1eb7c ai \u0111\u00f3 b\u1ea1n bi\u1ebft c\u1ea7n h\u1ed7 tr\u1ee3 v\u1ec1 v\u1ea5n \u0111\u1ec1 c\u1edd b\u1ea1c, c\u00e1c t\u1ed5 ch\u1ee9c sau \u0111\u00e2y cung c\u1ea5p h\u1ed7 tr\u1ee3 mi\u1ec5n ph\u00ed v\u00e0 b\u1ea3o m\u1eadt:<\/p>\n\n\n\n<ul class=\"wp-block-list\">\n<li><strong>H\u1ed9i nh\u1eefng ng\u01b0\u1eddi nghi\u1ec7n c\u1edd b\u1ea1c<\/strong> \u2014 <a href=\"https:\/\/www.gamblersanonymous.org\/\" target=\"_blank\" rel=\"noopener\">gamblersanonymous.org<\/a> (qu\u1ed1c t\u1ebf)<\/li>\n\n\n\n<li><strong>H\u00e3y c\u1ea9n th\u1eadn khi c\u00e1 c\u01b0\u1ee3c<\/strong> \u2014 <a href=\"https:\/\/www.begambleaware.org\/\" target=\"_blank\" rel=\"noopener\">begambleaware.org<\/a> (C\u00f3 tr\u1ee5 s\u1edf t\u1ea1i V\u01b0\u01a1ng qu\u1ed1c Anh, nh\u01b0ng c\u00e1c ngu\u1ed3n l\u1ef1c c\u00f3 s\u1eb5n tr\u00ean to\u00e0n c\u1ea7u)<\/li>\n\n\n\n<li><strong>H\u1ed9i \u0111\u1ed3ng Qu\u1ed1c gia v\u1ec1 V\u1ea5n \u0111\u1ec1 C\u1edd b\u1ea1c<\/strong> \u2014 <a href=\"https:\/\/www.ncpgambling.org\/\" target=\"_blank\" rel=\"noopener\">ncpgambling.org<\/a> (Hoa K\u1ef3)<\/li>\n\n\n\n<li><strong>GamCare<\/strong> \u2014 <a href=\"https:\/\/www.gamcare.org.uk\/\" target=\"_blank\" rel=\"noopener\">gamcare.org.uk<\/a> (V\u01b0\u01a1ng qu\u1ed1c Anh)<\/li>\n<\/ul>\n\n\n\n<h3 class=\"wp-block-heading\" id=\"h-why-crash-games-carry-extra-risk\">T\u1ea1i sao c\u00e1c tr\u00f2 ch\u01a1i \u0111ua xe c\u00f3 r\u1ee7i ro cao h\u01a1n?<\/h3>\n\n\n\n<p>C\u00e1c tr\u00f2 ch\u01a1i s\u00f2ng b\u1ea1c kh\u00f4ng \u0111\u01b0\u1ee3c thi\u1ebft k\u1ebf \u0111\u1ec3 \u201cnguy hi\u1ec3m\u201d h\u01a1n c\u00e1c tr\u00f2 ch\u01a1i s\u00f2ng b\u1ea1c kh\u00e1c, nh\u01b0ng \u0111\u1ecbnh d\u1ea1ng c\u1ee7a ch\u00fang t\u1ea1o ra c\u00e1c y\u1ebfu t\u1ed1 r\u1ee7i ro c\u1ee5 th\u1ec3:<\/p>\n\n\n\n<ul class=\"wp-block-list\">\n<li><strong>T\u1ed1c \u0111\u1ed9<\/strong> \u2014 C\u00e1c v\u00e1n c\u01b0\u1ee3c ch\u1ec9 k\u00e9o d\u00e0i v\u00e0i gi\u00e2y, kh\u00f4ng ph\u1ea3i v\u00e0i ph\u00fat. B\u1ea1n c\u00f3 th\u1ec3 \u0111\u1eb7t h\u00e0ng ch\u1ee5c c\u01b0\u1ee3c trong th\u1eddi gian r\u1ea5t ng\u1eafn.<\/li>\n\n\n\n<li><strong>C\u00e1c s\u1ef1 c\u1ed1 su\u00fdt x\u1ea3y ra<\/strong> \u2014 Khi ch\u1ee9ng ki\u1ebfn h\u1ec7 s\u1ed1 nh\u00e2n gi\u1ea3m xu\u1ed1ng 1.95x trong khi m\u1ee5c ti\u00eau c\u1ee7a b\u1ea1n l\u00e0 2.0x, \u0111i\u1ec1u n\u00e0y t\u1ea1o ra m\u1ed9t ham mu\u1ed1n m\u00e3nh li\u1ec7t mu\u1ed1n \u201cth\u1eed l\u1ea1i ngay l\u1eadp t\u1ee9c.\u201d<\/li>\n\n\n\n<li><strong>\u1ea2o t\u01b0\u1edfng v\u1ec1 s\u1ef1 ki\u1ec3m so\u00e1t<\/strong> \u2014 N\u00fat r\u00fat ti\u1ec1n khi\u1ebfn ng\u01b0\u1eddi ch\u01a1i c\u1ea3m th\u1ea5y k\u1ef9 n\u0103ng l\u00e0 y\u1ebfu t\u1ed1 quan tr\u1ecdng. Tuy nhi\u00ean, n\u00f3 kh\u00f4ng thay \u0111\u1ed5i t\u1ef7 l\u1ec7 c\u01b0\u1ee3c.<\/li>\n\n\n\n<li><strong>V\u00f2ng l\u1eb7p \u0111\u1eb7t c\u01b0\u1ee3c t\u1ef1 \u0111\u1ed9ng<\/strong> \u2014 T\u00ednh n\u0103ng \u0111\u1eb7t c\u01b0\u1ee3c t\u1ef1 \u0111\u1ed9ng c\u00f3 th\u1ec3 l\u00e0m t\u0103ng t\u1ed1c \u0111\u1ed9 thua l\u1ed7 n\u1ebfu gi\u1edbi h\u1ea1n kh\u00f4ng \u0111\u01b0\u1ee3c thi\u1ebft l\u1eadp \u0111\u00fang c\u00e1ch.<\/li>\n<\/ul>\n\n\n\n<p>Hi\u1ec3u r\u00f5 c\u00e1c y\u1ebfu t\u1ed1 r\u1ee7i ro n\u00e0y kh\u00f4ng c\u00f3 ngh\u0129a l\u00e0 b\u1ea1n mi\u1ec5n nhi\u1ec5m v\u1edbi ch\u00fang. \u0110i\u1ec1u \u0111\u00f3 ch\u1ec9 c\u00f3 ngh\u0129a l\u00e0 b\u1ea1n c\u00f3 th\u1ec3 l\u1eadp k\u1ebf ho\u1ea1ch cho ch\u00fang \u2014 v\u1edbi gi\u1edbi h\u1ea1n phi\u00ean giao d\u1ecbch, quy t\u1eafc d\u1eebng l\u1ed7 v\u00e0 s\u1ef1 trung th\u1ef1c \u0111\u1ec3 r\u00fat lui khi k\u1ebf ho\u1ea1ch y\u00eau c\u1ea7u.<\/p>\n\n\n\n<h3 class=\"wp-block-heading\" id=\"h-our-commitment\">Cam k\u1ebft c\u1ee7a ch\u00fang t\u00f4i<\/h3>\n\n\n\n<p>Crash-Games.net lu\u00f4n bao g\u1ed3m l\u1eddi nh\u1eafc nh\u1edf v\u1ec1 c\u00e1 c\u01b0\u1ee3c c\u00f3 tr\u00e1ch nhi\u1ec7m trong m\u1ecdi h\u01b0\u1edbng d\u1eabn chi\u1ebfn l\u01b0\u1ee3c m\u00e0 ch\u00fang t\u00f4i xu\u1ea5t b\u1ea3n. Ch\u00fang t\u00f4i kh\u00f4ng bao gi\u1edd h\u1ee9a h\u1eb9n chi\u1ebfn th\u1eafng, kh\u00f4ng bao gi\u1edd qu\u1ea3ng c\u00e1o c\u00e1c \u201ch\u1ec7 th\u1ed1ng \u0111\u1ea3m b\u1ea3o\u201d v\u00e0 kh\u00f4ng bao gi\u1edd khuy\u1ebfn kh\u00edch ng\u01b0\u1eddi ch\u01a1i \u0111\u1eb7t c\u01b0\u1ee3c v\u01b0\u1ee3t qu\u00e1 kh\u1ea3 n\u0103ng t\u00e0i ch\u00ednh c\u1ee7a h\u1ecd. N\u1ebfu n\u1ed9i dung c\u1ee7a ch\u00fang t\u00f4i bao gi\u1edd khi\u1ebfn b\u1ea1n c\u1ea3m th\u1ea5y b\u1ecb \u00e1p l\u1ef1c \u0111\u1ec3 c\u00e1 c\u01b0\u1ee3c, \u0111i\u1ec1u g\u00ec \u0111\u00f3 \u0111\u00e3 sai \u2014 v\u00e0 ch\u00fang t\u00f4i mu\u1ed1n nghe v\u1ec1 \u0111i\u1ec1u \u0111\u00f3.<\/p>\n\n\n\n<p><em>C\u1edd b\u1ea1c n\u00ean l\u00e0 h\u00ecnh th\u1ee9c gi\u1ea3i tr\u00ed, kh\u00f4ng ph\u1ea3i l\u00e0 chi\u1ebfn l\u01b0\u1ee3c t\u00e0i ch\u00ednh. N\u1ebfu n\u00f3 kh\u00f4ng c\u00f2n mang l\u1ea1i ni\u1ec1m vui, h\u00e3y ng\u1eebng ch\u01a1i.<\/em><\/p>\n\n\n\n<p>Li\u00ean h\u1ec7 v\u1edbi ch\u00fang t\u00f4i: <strong>contact@crash-games.net<\/strong><\/p>\n\n\n\n<p><\/p>","protected":false},"excerpt":{"rendered":"<p>Crash games are designed to be fast, exciting, and engaging. That is what makes them fun \u2014 and also what makes them risky if you play without limits. The speed of each round, the near-misses, the temptation to chase one more win \u2014 these are features, not bugs. They keep you playing. This page is [&hellip;]<\/p>\n","protected":false},"author":1,"featured_media":0,"parent":349,"menu_order":0,"comment_status":"closed","ping_status":"closed","template":"","meta":{"_acf_changed":false,"footnotes":""},"class_list":["post-374","page","type-page","status-publish","hentry"],"acf":[],"_links":{"self":[{"href":"https:\/\/crash-games.net\/vi\/wp-json\/wp\/v2\/pages\/374","targetHints":{"allow":["GET"]}}],"collection":[{"href":"https:\/\/crash-games.net\/vi\/wp-json\/wp\/v2\/pages"}],"about":[{"href":"https:\/\/crash-games.net\/vi\/wp-json\/wp\/v2\/types\/page"}],"author":[{"embeddable":true,"href":"https:\/\/crash-games.net\/vi\/wp-json\/wp\/v2\/users\/1"}],"replies":[{"embeddable":true,"href":"https:\/\/crash-games.net\/vi\/wp-json\/wp\/v2\/comments?post=374"}],"version-history":[{"count":1,"href":"https:\/\/crash-games.net\/vi\/wp-json\/wp\/v2\/pages\/374\/revisions"}],"predecessor-version":[{"id":375,"href":"https:\/\/crash-games.net\/vi\/wp-json\/wp\/v2\/pages\/374\/revisions\/375"}],"up":[{"embeddable":true,"href":"https:\/\/crash-games.net\/vi\/wp-json\/wp\/v2\/pages\/349"}],"wp:attachment":[{"href":"https:\/\/crash-games.net\/vi\/wp-json\/wp\/v2\/media?parent=374"}],"curies":[{"name":"wp","href":"https:\/\/api.w.org\/{rel}","templated":true}]}}