{"id":372,"date":"2026-02-23T18:28:47","date_gmt":"2026-02-23T18:28:47","guid":{"rendered":"https:\/\/crash-games.net\/?page_id=372"},"modified":"2026-02-28T18:24:48","modified_gmt":"2026-02-28T18:24:48","slug":"dieu-khoan","status":"publish","type":"page","link":"https:\/\/crash-games.net\/vi\/terms\/","title":{"rendered":"\u0110i\u1ec1u kho\u1ea3n s\u1eed d\u1ee5ng"},"content":{"rendered":"<p><strong>C\u1eadp nh\u1eadt l\u1ea7n cu\u1ed1i:<\/strong> Th\u00e1ng 2 n\u0103m 2026<\/p>\n\n\n\n<p>B\u1eb1ng c\u00e1ch s\u1eed d\u1ee5ng Crash-Games.net, b\u1ea1n \u0111\u1ed3ng \u00fd v\u1edbi c\u00e1c \u0111i\u1ec1u kho\u1ea3n sau \u0111\u00e2y. N\u1ebfu b\u1ea1n kh\u00f4ng \u0111\u1ed3ng \u00fd, vui l\u00f2ng kh\u00f4ng s\u1eed d\u1ee5ng trang web n\u00e0y.<\/p>\n\n\n\n<h3 class=\"wp-block-heading\" id=\"h-what-we-are\">Trang web n\u00e0y l\u00e0 g\u00ec?<\/h3>\n\n\n\n<p>Crash-Games.net l\u00e0 m\u1ed9t trang web th\u00f4ng tin cung c\u1ea5p c\u00e1c h\u01b0\u1edbng d\u1eabn chi\u1ebfn l\u01b0\u1ee3c, gi\u1ea3i th\u00edch tr\u00f2 ch\u01a1i v\u00e0 \u0111\u00e1nh gi\u00e1 s\u00f2ng b\u1ea1c li\u00ean quan \u0111\u1ebfn c\u00e1c tr\u00f2 ch\u01a1i c\u00e1 c\u01b0\u1ee3c s\u1ee5p \u0111\u1ed5. Ch\u00fang t\u00f4i kh\u00f4ng ph\u1ea3i l\u00e0 s\u00f2ng b\u1ea1c, n\u1ec1n t\u1ea3ng c\u00e1 c\u01b0\u1ee3c ho\u1eb7c nh\u00e0 \u0111i\u1ec1u h\u00e0nh c\u00e1 c\u01b0\u1ee3c. Ch\u00fang t\u00f4i kh\u00f4ng nh\u1eadn c\u01b0\u1ee3c, gi\u1eef ti\u1ec1n ho\u1eb7c cung c\u1ea5p b\u1ea5t k\u1ef3 d\u1ecbch v\u1ee5 c\u00e1 c\u01b0\u1ee3c n\u00e0o.<\/p>\n\n\n\n<h3 class=\"wp-block-heading\" id=\"h-disclaimer\">L\u01b0u \u00fd<\/h3>\n\n\n\n<p><strong>Kh\u00f4ng c\u00f3 b\u1ea3o \u0111\u1ea3m v\u1ec1 l\u1ee3i nhu\u1eadn.<\/strong> T\u1ea5t c\u1ea3 c\u00e1c chi\u1ebfn l\u01b0\u1ee3c ch\u01a1i game crash \u0111\u01b0\u1ee3c th\u1ea3o lu\u1eadn tr\u00ean trang web n\u00e0y ch\u1ec9 mang t\u00ednh ch\u1ea5t th\u00f4ng tin v\u00e0 gi\u00e1o d\u1ee5c. Game crash l\u00e0 tr\u00f2 ch\u01a1i may r\u1ee7i v\u1edbi k\u1ebft qu\u1ea3 ng\u1eabu nhi\u00ean. Kh\u00f4ng c\u00f3 chi\u1ebfn l\u01b0\u1ee3c, h\u1ec7 th\u1ed1ng hay ph\u01b0\u01a1ng ph\u00e1p n\u00e0o c\u00f3 th\u1ec3 \u0111\u1ea3m b\u1ea3o l\u1ee3i nhu\u1eadn ho\u1eb7c v\u01b0\u1ee3t qua l\u1ee3i th\u1ebf c\u1ee7a nh\u00e0 c\u00e1i trong d\u00e0i h\u1ea1n.<\/p>\n\n\n\n<p><strong>Ch\u01a1i v\u1edbi r\u1ee7i ro c\u1ee7a ri\u00eang b\u1ea1n.<\/strong> M\u1ecdi quy\u1ebft \u0111\u1ecbnh tham gia c\u00e1 c\u01b0\u1ee3c l\u00e0 tr\u00e1ch nhi\u1ec7m c\u00e1 nh\u00e2n c\u1ee7a b\u1ea1n. Ch\u00fang t\u00f4i kh\u00f4ng ch\u1ecbu tr\u00e1ch nhi\u1ec7m \u0111\u1ed1i v\u1edbi b\u1ea5t k\u1ef3 t\u1ed5n th\u1ea5t n\u00e0o ph\u00e1t sinh t\u1eeb vi\u1ec7c c\u00e1 c\u01b0\u1ee3c t\u1ea1i c\u00e1c s\u00f2ng b\u1ea1c \u0111\u01b0\u1ee3c li\u00ean k\u1ebft t\u1eeb trang web n\u00e0y.<\/p>\n\n\n\n<h3 class=\"wp-block-heading\" id=\"h-affiliate-disclosure\">Th\u00f4ng b\u00e1o v\u1ec1 ch\u01b0\u01a1ng tr\u00ecnh li\u00ean k\u1ebft<\/h3>\n\n\n\n<p>Crash-Games.net tham gia v\u00e0o c\u00e1c ch\u01b0\u01a1ng tr\u00ecnh li\u00ean k\u1ebft v\u1edbi c\u00e1c s\u00f2ng b\u1ea1c tr\u1ef1c tuy\u1ebfn. Khi b\u1ea1n nh\u1ea5p v\u00e0o li\u00ean k\u1ebft s\u00f2ng b\u1ea1c v\u00e0 \u0111\u0103ng k\u00fd ho\u1eb7c n\u1ea1p ti\u1ec1n, ch\u00fang t\u00f4i c\u00f3 th\u1ec3 nh\u1eadn \u0111\u01b0\u1ee3c hoa h\u1ed3ng. \u0110i\u1ec1u n\u00e0y kh\u00f4ng l\u00e0m t\u0103ng chi ph\u00ed c\u1ee7a b\u1ea1n v\u00e0 kh\u00f4ng \u1ea3nh h\u01b0\u1edfng \u0111\u1ebfn n\u1ed9i dung bi\u00ean t\u1eadp c\u1ee7a ch\u00fang t\u00f4i.<\/p>\n\n\n\n<h3 class=\"wp-block-heading\" id=\"h-accuracy\">\u0110\u1ed9 ch\u00ednh x\u00e1c c\u1ee7a th\u00f4ng tin<\/h3>\n\n\n\n<p>Ch\u00fang t\u00f4i lu\u00f4n n\u1ed7 l\u1ef1c \u0111\u1ec3 \u0111\u1ea3m b\u1ea3o n\u1ed9i dung c\u1ee7a m\u00ecnh ch\u00ednh x\u00e1c v\u00e0 c\u1eadp nh\u1eadt. Tuy nhi\u00ean, c\u00e1c \u0111i\u1ec1u kho\u1ea3n khuy\u1ebfn m\u00e3i, t\u00ednh kh\u1ea3 d\u1ee5ng c\u1ee7a tr\u00f2 ch\u01a1i v\u00e0 ch\u00ednh s\u00e1ch c\u1ee7a s\u00f2ng b\u1ea1c c\u00f3 th\u1ec3 thay \u0111\u1ed5i m\u00e0 kh\u00f4ng c\u1ea7n th\u00f4ng b\u00e1o tr\u01b0\u1edbc. Lu\u00f4n ki\u1ec3m tra c\u00e1c \u0111i\u1ec1u kho\u1ea3n hi\u1ec7n t\u1ea1i tr\u1ef1c ti\u1ebfp v\u1edbi s\u00f2ng b\u1ea1c tr\u01b0\u1edbc khi nh\u1eadn b\u1ea5t k\u1ef3 \u01b0u \u0111\u00e3i n\u00e0o ho\u1eb7c th\u1ef1c hi\u1ec7n giao d\u1ecbch n\u1ea1p ti\u1ec1n.<\/p>\n\n\n\n<h3 class=\"wp-block-heading\" id=\"h-age-restriction\">Gi\u1edbi h\u1ea1n \u0111\u1ed9 tu\u1ed5i<\/h3>\n\n\n\n<p>Trang web n\u00e0y ch\u1ec9 d\u00e0nh cho ng\u01b0\u1eddi tr\u01b0\u1edfng th\u00e0nh. B\u1ea1n ph\u1ea3i \u0111\u1ee7 18 tu\u1ed5i (ho\u1eb7c \u0111\u1ed9 tu\u1ed5i h\u1ee3p ph\u00e1p \u0111\u1ec3 tham gia c\u00e1 c\u01b0\u1ee3c t\u1ea1i khu v\u1ef1c c\u1ee7a b\u1ea1n) \u0111\u1ec3 s\u1eed d\u1ee5ng trang web n\u00e0y. N\u1ebfu c\u00e1 c\u01b0\u1ee3c tr\u1ef1c tuy\u1ebfn l\u00e0 h\u00e0nh vi vi ph\u1ea1m ph\u00e1p lu\u1eadt t\u1ea1i khu v\u1ef1c c\u1ee7a b\u1ea1n, vui l\u00f2ng kh\u00f4ng s\u1eed d\u1ee5ng trang web n\u00e0y.<\/p>\n\n\n\n<h3 class=\"wp-block-heading\" id=\"h-intellectual-property\">Quy\u1ec1n s\u1edf h\u1eefu tr\u00ed tu\u1ec7<\/h3>\n\n\n\n<p>T\u1ea5t c\u1ea3 n\u1ed9i dung tr\u00ean Crash-Games.net \u2014 bao g\u1ed3m v\u0103n b\u1ea3n, h\u00ecnh \u1ea3nh, \u0111\u1ed3 h\u1ecda v\u00e0 thi\u1ebft k\u1ebf \u2014 l\u00e0 t\u00e0i s\u1ea3n c\u1ee7a ch\u00fang t\u00f4i ho\u1eb7c \u0111\u01b0\u1ee3c s\u1eed d\u1ee5ng v\u1edbi s\u1ef1 cho ph\u00e9p. B\u1ea1n kh\u00f4ng \u0111\u01b0\u1ee3c sao ch\u00e9p, ph\u00e2n ph\u1ed1i ho\u1eb7c t\u00e1i b\u1ea3n n\u1ed9i dung c\u1ee7a ch\u00fang t\u00f4i m\u00e0 kh\u00f4ng c\u00f3 s\u1ef1 \u0111\u1ed3ng \u00fd b\u1eb1ng v\u0103n b\u1ea3n.<\/p>\n\n\n\n<h3 class=\"wp-block-heading\" id=\"h-limitation\">Gi\u1edbi h\u1ea1n tr\u00e1ch nhi\u1ec7m<\/h3>\n\n\n\n<p>Crash-Games.net \u0111\u01b0\u1ee3c cung c\u1ea5p \u201cnguy\u00ean tr\u1ea1ng\u201d m\u00e0 kh\u00f4ng k\u00e8m theo b\u1ea5t k\u1ef3 b\u1ea3o \u0111\u1ea3m n\u00e0o. Ch\u00fang t\u00f4i kh\u00f4ng ch\u1ecbu tr\u00e1ch nhi\u1ec7m v\u1ec1 b\u1ea5t k\u1ef3 thi\u1ec7t h\u1ea1i tr\u1ef1c ti\u1ebfp, gi\u00e1n ti\u1ebfp ho\u1eb7c h\u1eadu qu\u1ea3 n\u00e0o ph\u00e1t sinh t\u1eeb vi\u1ec7c b\u1ea1n s\u1eed d\u1ee5ng trang web n\u00e0y ho\u1eb7c b\u1ea5t k\u1ef3 trang web c\u1ee7a b\u00ean th\u1ee9 ba n\u00e0o \u0111\u01b0\u1ee3c li\u00ean k\u1ebft.<\/p>\n\n\n\n<p>C\u00f3 th\u1eafc m\u1eafc v\u1ec1 c\u00e1c \u0111i\u1ec1u kho\u1ea3n n\u00e0y? Vui l\u00f2ng li\u00ean h\u1ec7 v\u1edbi ch\u00fang t\u00f4i t\u1ea1i <strong>li\u00ean h\u1ec7@<a href=\"http:\/\/crash-games.net\/vi\/\" data-type=\"link\" data-id=\"crash-games.net\">tr\u00f2 ch\u01a1i va ch\u1ea1m.net<\/a><\/strong><\/p>\n\n\n\n<p><\/p>","protected":false},"excerpt":{"rendered":"<p>Last updated: February 2026 By using Crash-Games.net, you agree to the following terms. If you do not agree, please do not use this website. What This Website Is Crash-Games.net is an informational website that provides strategy guides, game explanations, and casino reviews related to crash gambling games. We are not a casino, betting platform, or [&hellip;]<\/p>\n","protected":false},"author":1,"featured_media":0,"parent":0,"menu_order":0,"comment_status":"closed","ping_status":"closed","template":"","meta":{"_acf_changed":false,"footnotes":""},"class_list":["post-372","page","type-page","status-publish","hentry"],"acf":[],"_links":{"self":[{"href":"https:\/\/crash-games.net\/vi\/wp-json\/wp\/v2\/pages\/372","targetHints":{"allow":["GET"]}}],"collection":[{"href":"https:\/\/crash-games.net\/vi\/wp-json\/wp\/v2\/pages"}],"about":[{"href":"https:\/\/crash-games.net\/vi\/wp-json\/wp\/v2\/types\/page"}],"author":[{"embeddable":true,"href":"https:\/\/crash-games.net\/vi\/wp-json\/wp\/v2\/users\/1"}],"replies":[{"embeddable":true,"href":"https:\/\/crash-games.net\/vi\/wp-json\/wp\/v2\/comments?post=372"}],"version-history":[{"count":2,"href":"https:\/\/crash-games.net\/vi\/wp-json\/wp\/v2\/pages\/372\/revisions"}],"predecessor-version":[{"id":687,"href":"https:\/\/crash-games.net\/vi\/wp-json\/wp\/v2\/pages\/372\/revisions\/687"}],"wp:attachment":[{"href":"https:\/\/crash-games.net\/vi\/wp-json\/wp\/v2\/media?parent=372"}],"curies":[{"name":"wp","href":"https:\/\/api.w.org\/{rel}","templated":true}]}}