{"id":370,"date":"2026-02-23T18:27:38","date_gmt":"2026-02-23T18:27:38","guid":{"rendered":"https:\/\/crash-games.net\/?page_id=370"},"modified":"2026-02-28T18:22:55","modified_gmt":"2026-02-28T18:22:55","slug":"chinh-sach-bao-mat","status":"publish","type":"page","link":"https:\/\/crash-games.net\/vi\/privacy-policy\/","title":{"rendered":"Ch\u00ednh s\u00e1ch b\u1ea3o m\u1eadt"},"content":{"rendered":"<p><strong>C\u1eadp nh\u1eadt l\u1ea7n cu\u1ed1i:<\/strong> Th\u00e1ng 2 n\u0103m 2026<\/p>\n\n\n\n<p>Crash-Games.net (\u201cch\u00fang t\u00f4i\u201d, \u201cc\u1ee7a ch\u00fang t\u00f4i\u201d ho\u1eb7c \u201cc\u1ee7a ch\u00fang t\u00f4i\u201d) t\u00f4n tr\u1ecdng quy\u1ec1n ri\u00eang t\u01b0 c\u1ee7a b\u1ea1n. Ch\u00ednh s\u00e1ch B\u1ea3o m\u1eadt n\u00e0y gi\u1ea3i th\u00edch th\u00f4ng tin m\u00e0 ch\u00fang t\u00f4i thu th\u1eadp, c\u00e1ch ch\u00fang t\u00f4i s\u1eed d\u1ee5ng th\u00f4ng tin \u0111\u00f3 v\u00e0 quy\u1ec1n c\u1ee7a b\u1ea1n li\u00ean quan \u0111\u1ebfn th\u00f4ng tin \u0111\u00f3.<\/p>\n\n\n\n<h3 class=\"wp-block-heading\" id=\"h-information-we-collect\">Th\u00f4ng tin ch\u00fang t\u00f4i thu th\u1eadp<\/h3>\n\n\n\n<p><strong>D\u1eef li\u1ec7u \u0111\u01b0\u1ee3c thu th\u1eadp t\u1ef1 \u0111\u1ed9ng:<\/strong> Khi b\u1ea1n truy c\u1eadp trang web c\u1ee7a ch\u00fang t\u00f4i, ch\u00fang t\u00f4i c\u00f3 th\u1ec3 thu th\u1eadp th\u00f4ng tin k\u1ef9 thu\u1eadt nh\u01b0 \u0111\u1ecba ch\u1ec9 IP, lo\u1ea1i tr\u00ecnh duy\u1ec7t, lo\u1ea1i thi\u1ebft b\u1ecb, c\u00e1c trang \u0111\u00e3 truy c\u1eadp v\u00e0 th\u1eddi gian b\u1ea1n d\u00e0nh tr\u00ean c\u00e1c trang. D\u1eef li\u1ec7u n\u00e0y \u0111\u01b0\u1ee3c thu th\u1eadp th\u00f4ng qua cookie v\u00e0 c\u00e1c c\u00f4ng ngh\u1ec7 t\u01b0\u01a1ng t\u1ef1.<\/p>\n\n\n\n<p><strong>Th\u00f4ng tin b\u1ea1n cung c\u1ea5p:<\/strong> N\u1ebfu b\u1ea1n li\u00ean h\u1ec7 v\u1edbi ch\u00fang t\u00f4i qua email, ch\u00fang t\u00f4i s\u1ebd thu th\u1eadp \u0111\u1ecba ch\u1ec9 email c\u1ee7a b\u1ea1n v\u00e0 b\u1ea5t k\u1ef3 th\u00f4ng tin n\u00e0o b\u1ea1n cung c\u1ea5p trong tin nh\u1eafn c\u1ee7a m\u00ecnh. Ch\u00fang t\u00f4i kh\u00f4ng y\u00eau c\u1ea7u \u0111\u0103ng k\u00fd t\u00e0i kho\u1ea3n \u0111\u1ec3 s\u1eed d\u1ee5ng trang web n\u00e0y.<\/p>\n\n\n\n<h3 class=\"wp-block-heading\" id=\"h-how-we-use-data\">C\u00e1ch ch\u00fang t\u00f4i s\u1eed d\u1ee5ng d\u1eef li\u1ec7u c\u1ee7a b\u1ea1n<\/h3>\n\n\n\n<ul class=\"wp-block-list\">\n<li>\u0110\u1ec3 c\u1ea3i thi\u1ec7n n\u1ed9i dung trang web v\u00e0 tr\u1ea3i nghi\u1ec7m ng\u01b0\u1eddi d\u00f9ng c\u1ee7a ch\u00fang t\u00f4i.<\/li>\n\n\n\n<li>Ph\u00e2n t\u00edch l\u01b0u l\u01b0\u1ee3ng truy c\u1eadp website v\u00e0 c\u00e1c m\u1eabu s\u1eed d\u1ee5ng.<\/li>\n\n\n\n<li>\u0110\u1ec3 tr\u1ea3 l\u1eddi c\u00e1c c\u00e2u h\u1ecfi c\u1ee7a qu\u00fd v\u1ecb<\/li>\n\n\n\n<li>\u0110\u1ec3 tu\u00e2n th\u1ee7 c\u00e1c ngh\u0129a v\u1ee5 ph\u00e1p l\u00fd<\/li>\n<\/ul>\n\n\n\n<p>Ch\u00fang t\u00f4i kh\u00f4ng b\u00e1n, cho thu\u00ea ho\u1eb7c chia s\u1ebb d\u1eef li\u1ec7u c\u00e1 nh\u00e2n c\u1ee7a b\u1ea1n v\u1edbi c\u00e1c b\u00ean th\u1ee9 ba v\u00ec m\u1ee5c \u0111\u00edch ti\u1ebfp th\u1ecb.<\/p>\n\n\n\n<h3 class=\"wp-block-heading\" id=\"h-cookies\">B\u00e1nh quy<\/h3>\n\n\n\n<p>Ch\u00fang t\u00f4i s\u1eed d\u1ee5ng cookie \u0111\u1ec3 ph\u00e2n t\u00edch l\u01b0u l\u01b0\u1ee3ng truy c\u1eadp trang web v\u00e0 c\u1ea3i thi\u1ec7n tr\u1ea3i nghi\u1ec7m c\u1ee7a b\u1ea1n. C\u00e1c cookie n\u00e0y c\u00f3 th\u1ec3 bao g\u1ed3m cookie t\u1eeb c\u00e1c d\u1ecbch v\u1ee5 ph\u00e2n t\u00edch (nh\u01b0 Google Analytics) v\u00e0 cookie theo d\u00f5i li\u00ean k\u1ebft ti\u1ebfp th\u1ecb. B\u1ea1n c\u00f3 th\u1ec3 \u0111i\u1ec1u ch\u1ec9nh c\u00e0i \u0111\u1eb7t cookie th\u00f4ng qua t\u00f9y ch\u1ecdn tr\u00ecnh duy\u1ec7t c\u1ee7a m\u00ecnh.<\/p>\n\n\n\n<h3 class=\"wp-block-heading\" id=\"h-third-party-links\">Li\u00ean k\u1ebft c\u1ee7a b\u00ean th\u1ee9 ba<\/h3>\n\n\n\n<p>Trang web c\u1ee7a ch\u00fang t\u00f4i ch\u1ee9a c\u00e1c li\u00ean k\u1ebft \u0111\u1ebfn c\u00e1c trang web c\u1ee7a b\u00ean th\u1ee9 ba, bao g\u1ed3m c\u00e1c s\u00f2ng b\u1ea1c tr\u1ef1c tuy\u1ebfn. Ch\u00fang t\u00f4i kh\u00f4ng ch\u1ecbu tr\u00e1ch nhi\u1ec7m v\u1ec1 c\u00e1c ch\u00ednh s\u00e1ch b\u1ea3o m\u1eadt c\u1ee7a c\u00e1c trang web \u0111\u00f3. Ch\u00fang t\u00f4i khuy\u1ebfn kh\u00edch b\u1ea1n \u0111\u1ecdc k\u1ef9 c\u00e1c ch\u00ednh s\u00e1ch b\u1ea3o m\u1eadt c\u1ee7a h\u1ecd tr\u01b0\u1edbc khi cung c\u1ea5p b\u1ea5t k\u1ef3 th\u00f4ng tin c\u00e1 nh\u00e2n n\u00e0o.<\/p>\n\n\n\n<h3 class=\"wp-block-heading\" id=\"h-your-rights\">Quy\u1ec1n c\u1ee7a b\u1ea1n<\/h3>\n\n\n\n<p>T\u00f9y thu\u1ed9c v\u00e0o khu v\u1ef1c ph\u00e1p l\u00fd c\u1ee7a b\u1ea1n, b\u1ea1n c\u00f3 th\u1ec3 c\u00f3 quy\u1ec1n truy c\u1eadp, ch\u1ec9nh s\u1eeda ho\u1eb7c x\u00f3a d\u1eef li\u1ec7u c\u00e1 nh\u00e2n c\u1ee7a m\u00ecnh. \u0110\u1ec3 th\u1ef1c hi\u1ec7n c\u00e1c quy\u1ec1n n\u00e0y, vui l\u00f2ng li\u00ean h\u1ec7 v\u1edbi ch\u00fang t\u00f4i t\u1ea1i <strong>li\u00ean h\u1ec7@<a href=\"http:\/\/crash-games.net\/vi\/\" data-type=\"link\" data-id=\"crash-games.net\">tr\u00f2 ch\u01a1i va ch\u1ea1m.net<\/a><\/strong>.<\/p>\n\n\n\n<h3 class=\"wp-block-heading\" id=\"h-children\">Tr\u1ebb em<\/h3>\n\n\n\n<p>Crash-Games.net ch\u1ec9 d\u00e0nh cho ng\u01b0\u1eddi tr\u01b0\u1edfng th\u00e0nh (18+). Ch\u00fang t\u00f4i kh\u00f4ng thu th\u1eadp th\u00f4ng tin t\u1eeb b\u1ea5t k\u1ef3 ai d\u01b0\u1edbi 18 tu\u1ed5i m\u1ed9t c\u00e1ch c\u1ed1 \u00fd. N\u1ebfu b\u1ea1n cho r\u1eb1ng m\u1ed9t ng\u01b0\u1eddi d\u01b0\u1edbi 18 tu\u1ed5i \u0111\u00e3 cung c\u1ea5p cho ch\u00fang t\u00f4i d\u1eef li\u1ec7u c\u00e1 nh\u00e2n, vui l\u00f2ng li\u00ean h\u1ec7 v\u1edbi ch\u00fang t\u00f4i v\u00e0 ch\u00fang t\u00f4i s\u1ebd x\u00f3a n\u00f3.<\/p>\n\n\n\n<h3 class=\"wp-block-heading\" id=\"h-changes\">Thay \u0111\u1ed5i \u0111\u1ed1i v\u1edbi Ch\u00ednh s\u00e1ch n\u00e0y<\/h3>\n\n\n\n<p>Ch\u00fang t\u00f4i c\u00f3 th\u1ec3 c\u1eadp nh\u1eadt Ch\u00ednh s\u00e1ch B\u1ea3o m\u1eadt n\u00e0y theo th\u1eddi gian. C\u00e1c thay \u0111\u1ed5i s\u1ebd \u0111\u01b0\u1ee3c \u0111\u0103ng t\u1ea3i tr\u00ean trang n\u00e0y k\u00e8m theo ng\u00e0y s\u1eeda \u0111\u1ed5i m\u1edbi nh\u1ea5t.<\/p>\n\n\n\n<p>C\u00f3 c\u00e2u h\u1ecfi? Vui l\u00f2ng li\u00ean h\u1ec7 v\u1edbi ch\u00fang t\u00f4i t\u1ea1i <strong>contact@crash-games.net<\/strong><\/p>","protected":false},"excerpt":{"rendered":"<p>Last updated: February 2026 Crash-Games.net (&#8220;we,&#8221; &#8220;us,&#8221; or &#8220;our&#8221;) respects your privacy. This Privacy Policy explains what information we collect, how we use it, and your rights regarding that information. Information We Collect Automatically collected data: When you visit our website, we may collect technical information such as your IP address, browser type, device type, [&hellip;]<\/p>\n","protected":false},"author":1,"featured_media":0,"parent":0,"menu_order":0,"comment_status":"closed","ping_status":"closed","template":"","meta":{"_acf_changed":false,"footnotes":""},"class_list":["post-370","page","type-page","status-publish","hentry"],"acf":[],"_links":{"self":[{"href":"https:\/\/crash-games.net\/vi\/wp-json\/wp\/v2\/pages\/370","targetHints":{"allow":["GET"]}}],"collection":[{"href":"https:\/\/crash-games.net\/vi\/wp-json\/wp\/v2\/pages"}],"about":[{"href":"https:\/\/crash-games.net\/vi\/wp-json\/wp\/v2\/types\/page"}],"author":[{"embeddable":true,"href":"https:\/\/crash-games.net\/vi\/wp-json\/wp\/v2\/users\/1"}],"replies":[{"embeddable":true,"href":"https:\/\/crash-games.net\/vi\/wp-json\/wp\/v2\/comments?post=370"}],"version-history":[{"count":2,"href":"https:\/\/crash-games.net\/vi\/wp-json\/wp\/v2\/pages\/370\/revisions"}],"predecessor-version":[{"id":686,"href":"https:\/\/crash-games.net\/vi\/wp-json\/wp\/v2\/pages\/370\/revisions\/686"}],"wp:attachment":[{"href":"https:\/\/crash-games.net\/vi\/wp-json\/wp\/v2\/media?parent=370"}],"curies":[{"name":"wp","href":"https:\/\/api.w.org\/{rel}","templated":true}]}}