{"id":368,"date":"2026-02-23T18:26:21","date_gmt":"2026-02-23T18:26:21","guid":{"rendered":"https:\/\/crash-games.net\/?page_id=368"},"modified":"2026-02-28T16:45:10","modified_gmt":"2026-02-28T16:45:10","slug":"chinh-sach-bien-tap","status":"publish","type":"page","link":"https:\/\/crash-games.net\/vi\/editorial-policy\/","title":{"rendered":"Ch\u00ednh s\u00e1ch bi\u00ean t\u1eadp"},"content":{"rendered":"<p>M\u1ecdi n\u1ed9i dung tr\u00ean Crash-Games.net \u0111\u1ec1u tu\u00e2n th\u1ee7 m\u1ed9t b\u1ed9 ti\u00eau chu\u1ea9n bi\u00ean t\u1eadp \u0111\u01b0\u1ee3c thi\u1ebft k\u1ebf \u0111\u1ec3 \u0111\u1ea3m b\u1ea3o c\u00e1c h\u01b0\u1edbng d\u1eabn c\u1ee7a ch\u00fang t\u00f4i lu\u00f4n ch\u00ednh x\u00e1c, trung th\u1ef1c v\u00e0 h\u1eefu \u00edch. Trang n\u00e0y gi\u1ea3i th\u00edch c\u00e1ch ch\u00fang t\u00f4i l\u00e0m vi\u1ec7c.<\/p>\n\n\n\n<h3 class=\"wp-block-heading\" id=\"h-research-process\">C\u00e1ch ch\u00fang t\u00f4i ti\u1ebfn h\u00e0nh nghi\u00ean c\u1ee9u<\/h3>\n\n\n\n<p>N\u1ed9i dung c\u1ee7a ch\u00fang t\u00f4i d\u1ef1a tr\u00ean s\u1ef1 k\u1ebft h\u1ee3p gi\u1eefa d\u1eef li\u1ec7u ng\u00e0nh \u0111\u00e3 \u0111\u01b0\u1ee3c x\u00e1c minh, th\u00f4ng tin ch\u00ednh th\u1ee9c t\u1eeb nh\u00e0 cung c\u1ea5p tr\u00f2 ch\u01a1i v\u00e0 th\u1eed nghi\u1ec7m th\u1ef1c t\u1ebf. Ch\u00fang t\u00f4i kh\u00f4ng d\u1ef1a v\u00e0o tin \u0111\u1ed3n, tuy\u00ean b\u1ed1 tr\u00ean m\u1ea1ng x\u00e3 h\u1ed9i ho\u1eb7c c\u00e1c b\u00e1o c\u00e1o t\u1eeb b\u00ean th\u1ee9 ba ch\u01b0a \u0111\u01b0\u1ee3c x\u00e1c minh.<\/p>\n\n\n\n<p>\u0110\u1ed1i v\u1edbi c\u00e1c c\u01a1 ch\u1ebf tr\u00f2 ch\u01a1i (RTP, \u0111\u1ed9 bi\u1ebfn \u0111\u1ed9ng, h\u1ec7 s\u1ed1 nh\u00e2n t\u1ed1i \u0111a), ch\u00fang t\u00f4i tham kh\u1ea3o c\u00e1c trang web ch\u00ednh th\u1ee9c c\u1ee7a nh\u00e0 cung c\u1ea5p v\u00e0 t\u00e0i li\u1ec7u li\u00ean quan khi c\u00f3 s\u1eb5n. N\u1ebfu ch\u00fang t\u00f4i kh\u00f4ng th\u1ec3 x\u00e1c minh m\u1ed9t tuy\u00ean b\u1ed1 c\u1ee5 th\u1ec3, ch\u00fang t\u00f4i s\u1ebd th\u00f4ng b\u00e1o \u0111i\u1ec1u \u0111\u00f3 \u2014 ch\u00fang t\u00f4i kh\u00f4ng \u0111\u01b0a ra ph\u1ecfng \u0111o\u00e1n.<\/p>\n\n\n\n<h3 class=\"wp-block-heading\" id=\"h-bonus-accuracy\">\u0110\u1ed9 ch\u00ednh x\u00e1c c\u1ee7a m\u00e3 khuy\u1ebfn m\u00e3i<\/h3>\n\n\n\n<p>T\u1ea5t c\u1ea3 c\u00e1c m\u00e3 khuy\u1ebfn m\u00e3i, y\u00eau c\u1ea7u \u0111\u1eb7t c\u01b0\u1ee3c v\u00e0 \u0111i\u1ec1u kho\u1ea3n khuy\u1ebfn m\u00e3i tr\u00ean trang web n\u00e0y \u0111\u1ec1u \u0111\u01b0\u1ee3c l\u1ea5y t\u1eeb m\u1ed9t ngu\u1ed3n d\u1eef li\u1ec7u \u0111\u00e3 \u0111\u01b0\u1ee3c x\u00e1c minh. Ch\u00fang t\u00f4i kh\u00f4ng sao ch\u00e9p th\u00f4ng tin khuy\u1ebfn m\u00e3i t\u1eeb c\u00e1c trang web li\u00ean k\u1ebft ng\u1eabu nhi\u00ean ho\u1eb7c di\u1ec5n \u0111\u00e0n.<\/p>\n\n\n\n<p>M\u1ed7i trang khuy\u1ebfn m\u00e3i \u0111\u1ec1u c\u00f3 ghi ch\u00fa \u201c\u0111\u01b0\u1ee3c x\u00e1c minh l\u1ea7n cu\u1ed1i\u201d. N\u1ebfu \u0111i\u1ec1u kho\u1ea3n thay \u0111\u1ed5i v\u00e0 ch\u00fang t\u00f4i ch\u01b0a c\u1eadp nh\u1eadt trang \u0111\u00f3, trang s\u1ebd r\u00f5 r\u00e0ng n\u00eau r\u00f5 r\u1eb1ng ng\u01b0\u1eddi ch\u01a1i n\u00ean ki\u1ec3m tra \u0111i\u1ec1u kho\u1ea3n c\u1ee7a s\u00f2ng b\u1ea1c tr\u01b0\u1edbc khi nh\u1eadn b\u1ea5t k\u1ef3 \u01b0u \u0111\u00e3i n\u00e0o.<\/p>\n\n\n\n<h3 class=\"wp-block-heading\" id=\"h-what-we-never-do\">Nh\u1eefng \u0111i\u1ec1u ch\u00fang t\u00f4i kh\u00f4ng bao gi\u1edd l\u00e0m<\/h3>\n\n\n\n<ul class=\"wp-block-list\">\n<li>Th\u1ed1ng k\u00ea v\u1ec1 s\u1ed1 l\u01b0\u1ee3ng, gi\u00e1 tr\u1ecb RTP ho\u1eb7c t\u1ef7 l\u1ec7 tr\u1ea3 th\u01b0\u1edfng.<\/li>\n\n\n\n<li>T\u1ea1o m\u00e3 khuy\u1ebfn m\u00e3i ho\u1eb7c \u01b0u \u0111\u00e3i khuy\u1ebfn m\u00e3i<\/li>\n\n\n\n<li>Cam k\u1ebft r\u1eb1ng b\u1ea5t k\u1ef3 chi\u1ebfn l\u01b0\u1ee3c n\u00e0o c\u0169ng \u0111\u1ea3m b\u1ea3o l\u1ee3i nhu\u1eadn.<\/li>\n\n\n\n<li>Qu\u1ea3ng c\u00e1o c\u00e1c \u1ee9ng d\u1ee5ng d\u1ef1 \u0111o\u00e1n tai n\u1ea1n ho\u1eb7c \u201ch\u1ec7 th\u1ed1ng chi\u1ebfn th\u1eafng\u201d<\/li>\n\n\n\n<li>S\u1eed d\u1ee5ng c\u00e1c \u0111\u00e1nh gi\u00e1 gi\u1ea3 m\u1ea1o ho\u1eb7c c\u00e1c c\u00e2u chuy\u1ec7n v\u1ec1 ng\u01b0\u1eddi ch\u01a1i \u0111\u01b0\u1ee3c d\u00e0n d\u1ef1ng.<\/li>\n\n\n\n<li>Che gi\u1ea5u th\u1ef1c t\u1ebf r\u1eb1ng c\u00e1c tr\u00f2 ch\u01a1i crash l\u00e0 ng\u1eabu nhi\u00ean v\u00e0 c\u00f3 r\u1ee7i ro.<\/li>\n<\/ul>\n\n\n\n<h3 class=\"wp-block-heading\" id=\"h-corrections\">S\u1eeda \u0111\u1ed5i<\/h3>\n\n\n\n<p>N\u1ebfu b\u1ea1n ph\u00e1t hi\u1ec7n b\u1ea5t k\u1ef3 l\u1ed7i n\u00e0o trong c\u00e1c h\u01b0\u1edbng d\u1eabn c\u1ee7a ch\u00fang t\u00f4i \u2014 m\u00e3 khuy\u1ebfn m\u00e3i sai, th\u00f4ng tin l\u1ed7i th\u1eddi ho\u1eb7c sai s\u00f3t v\u1ec1 s\u1ef1 th\u1eadt \u2014 vui l\u00f2ng li\u00ean h\u1ec7 v\u1edbi ch\u00fang t\u00f4i t\u1ea1i <strong>contact@crash-games.net<\/strong>. Ch\u00fang t\u00f4i coi tr\u1ecdng vi\u1ec7c ch\u1ec9nh s\u1eeda v\u00e0 c\u1eadp nh\u1eadt n\u1ed9i dung \u0111\u00e3 \u0111\u0103ng t\u1ea3i m\u1ed9t c\u00e1ch k\u1ecbp th\u1eddi.<\/p>\n\n\n\n<h3 class=\"wp-block-heading\" id=\"h-editorial-independence\">S\u1ef1 \u0111\u1ed9c l\u1eadp c\u1ee7a ban bi\u00ean t\u1eadp<\/h3>\n\n\n\n<p>C\u1ee7a ch\u00fang t\u00f4i <a href=\"https:\/\/crash-games.net\/wp-content\/uploads\/2026\/02\/crash-strategy-dashboard.webp\" data-type=\"attachment\" data-id=\"336\">H\u01b0\u1edbng d\u1eabn chi\u1ebfn l\u01b0\u1ee3c<\/a>C\u00e1c h\u01b0\u1edbng d\u1eabn chi\u1ebfn l\u01b0\u1ee3c, n\u1ed9i dung ch\u1ed1ng l\u1eeba \u0111\u1ea3o v\u00e0 t\u00e0i li\u1ec7u gi\u00e1o d\u1ee5c c\u1ee7a ch\u00fang t\u00f4i \u0111\u01b0\u1ee3c vi\u1ebft m\u1ed9t c\u00e1ch \u0111\u1ed9c l\u1eadp. C\u00e1c m\u1ed1i quan h\u1ec7 \u0111\u1ed1i t\u00e1c li\u00ean k\u1ebft s\u00f2ng b\u1ea1c kh\u00f4ng \u1ea3nh h\u01b0\u1edfng \u0111\u1ebfn c\u00e1c khuy\u1ebfn ngh\u1ecb bi\u00ean t\u1eadp, \u0111\u00e1nh gi\u00e1 tr\u00f2 ch\u01a1i ho\u1eb7c l\u1eddi khuy\u00ean chi\u1ebfn l\u01b0\u1ee3c c\u1ee7a ch\u00fang t\u00f4i.<\/p>\n\n\n\n<p><\/p>","protected":false},"excerpt":{"rendered":"<p>Every piece of content on Crash-Games.net follows a set of editorial standards designed to keep our guides accurate, honest, and useful. This page explains how we work. How We Research Our content is based on a combination of verified industry data, official game provider information, and hands-on testing. We do not rely on rumors, social [&hellip;]<\/p>\n","protected":false},"author":1,"featured_media":0,"parent":0,"menu_order":0,"comment_status":"closed","ping_status":"closed","template":"","meta":{"_acf_changed":false,"footnotes":""},"class_list":["post-368","page","type-page","status-publish","hentry"],"acf":[],"_links":{"self":[{"href":"https:\/\/crash-games.net\/vi\/wp-json\/wp\/v2\/pages\/368","targetHints":{"allow":["GET"]}}],"collection":[{"href":"https:\/\/crash-games.net\/vi\/wp-json\/wp\/v2\/pages"}],"about":[{"href":"https:\/\/crash-games.net\/vi\/wp-json\/wp\/v2\/types\/page"}],"author":[{"embeddable":true,"href":"https:\/\/crash-games.net\/vi\/wp-json\/wp\/v2\/users\/1"}],"replies":[{"embeddable":true,"href":"https:\/\/crash-games.net\/vi\/wp-json\/wp\/v2\/comments?post=368"}],"version-history":[{"count":2,"href":"https:\/\/crash-games.net\/vi\/wp-json\/wp\/v2\/pages\/368\/revisions"}],"predecessor-version":[{"id":657,"href":"https:\/\/crash-games.net\/vi\/wp-json\/wp\/v2\/pages\/368\/revisions\/657"}],"wp:attachment":[{"href":"https:\/\/crash-games.net\/vi\/wp-json\/wp\/v2\/media?parent=368"}],"curies":[{"name":"wp","href":"https:\/\/api.w.org\/{rel}","templated":true}]}}