{"id":366,"date":"2026-02-23T18:25:02","date_gmt":"2026-02-23T18:25:02","guid":{"rendered":"https:\/\/crash-games.net\/?page_id=366"},"modified":"2026-02-23T18:25:03","modified_gmt":"2026-02-23T18:25:03","slug":"ve-chung-toi","status":"publish","type":"page","link":"https:\/\/crash-games.net\/vi\/about\/","title":{"rendered":"V\u1ec1 Crash-Games.net"},"content":{"rendered":"<p class=\"wp-block-paragraph\">Crash-Games.net l\u00e0 m\u1ed9t h\u01b0\u1edbng d\u1eabn chi\u1ebfn l\u01b0\u1ee3c \u0111\u1ed9c l\u1eadp d\u00e0nh cho ng\u01b0\u1eddi ch\u01a1i game crash. Ch\u00fang t\u00f4i cung c\u1ea5p th\u00f4ng tin v\u1ec1 c\u00e1c tr\u00f2 ch\u01a1i nh\u01b0 Aviator, JetX, Spaceman, Chicken Road v\u00e0 c\u00e1c \u0111\u1ecbnh d\u1ea1ng t\u01b0\u01a1ng t\u1ef1 \u2014 v\u1edbi tr\u1ecdng t\u00e2m l\u00e0 k\u1ef7 lu\u1eadt qu\u1ea3n l\u00fd v\u1ed1n, th\u00f3i quen ch\u01a1i th\u00f4ng minh v\u00e0 th\u00f4ng tin trung th\u1ef1c.<\/p>\n\n\n\n<p class=\"wp-block-paragraph\">Ch\u00fang t\u00f4i kh\u00f4ng ph\u1ea3i l\u00e0 s\u00f2ng b\u1ea1c. Ch\u00fang t\u00f4i kh\u00f4ng kinh doanh b\u1ea5t k\u1ef3 s\u1ea3n ph\u1ea9m c\u00e1 c\u01b0\u1ee3c n\u00e0o. Ch\u00fang t\u00f4i kh\u00f4ng nh\u1eadn c\u01b0\u1ee3c, gi\u1eef ti\u1ec1n c\u1ee7a ng\u01b0\u1eddi ch\u01a1i ho\u1eb7c cung c\u1ea5p b\u1ea5t k\u1ef3 d\u1ecbch v\u1ee5 c\u00e1 c\u01b0\u1ee3c n\u00e0o.<\/p>\n\n\n\n<p>&nbsp;<\/p>\n\n\n\n<h3 class=\"wp-block-heading\" id=\"h-what-we-do\">Ch\u00fang t\u00f4i l\u00e0m g\u00ec<\/h3>\n\n\n\n<p class=\"wp-block-paragraph\">Ch\u00fang t\u00f4i vi\u1ebft h\u01b0\u1edbng d\u1eabn chi\u1ebfn l\u01b0\u1ee3c, gi\u1ea3i th\u00edch c\u01a1 ch\u1ebf tr\u00f2 ch\u01a1i, \u0111\u00e1nh gi\u00e1 c\u00e1c \u01b0u \u0111\u00e3i khuy\u1ebfn m\u00e3i c\u1ee7a s\u00f2ng b\u1ea1c v\u00e0 gi\u00fap ng\u01b0\u1eddi ch\u01a1i \u0111\u01b0a ra quy\u1ebft \u0111\u1ecbnh th\u00f4ng minh. N\u1ed9i dung c\u1ee7a ch\u00fang t\u00f4i \u0111\u01b0\u1ee3c x\u00e2y d\u1ef1ng d\u1ef1a tr\u00ean m\u1ed9t nguy\u00ean t\u1eafc: <strong>C\u00e1c tr\u00f2 ch\u01a1i crash l\u00e0 ng\u1eabu nhi\u00ean v\u00e0 kh\u00f4ng c\u00f3 chi\u1ebfn l\u01b0\u1ee3c n\u00e0o \u0111\u1ea3m b\u1ea3o l\u1ee3i nhu\u1eadn.<\/strong> M\u1ecdi th\u1ee9 ch\u00fang t\u00f4i \u0111\u0103ng t\u1ea3i \u0111\u1ec1u ph\u1ea3n \u00e1nh th\u1ef1c t\u1ebf \u0111\u00f3.<\/p>\n\n\n\n<p class=\"wp-block-paragraph\">Khi ch\u00fang t\u00f4i gi\u1edbi thi\u1ec7u m\u1ed9t s\u00f2ng b\u1ea1c ho\u1eb7c \u0111\u1ec1 c\u1eadp \u0111\u1ebfn m\u1ed9t khuy\u1ebfn m\u00e3i, ch\u00fang t\u00f4i ki\u1ec3m tra chi ti\u1ebft d\u1ef1a tr\u00ean d\u1eef li\u1ec7u ngu\u1ed3n c\u1ee7a m\u00ecnh. Ch\u00fang t\u00f4i kh\u00f4ng t\u1ef1 \u00fd t\u1ea1o ra c\u00e1c \u01b0u \u0111\u00e3i, l\u00e0m gi\u1ea3 s\u1ed1 li\u1ec7u th\u1ed1ng k\u00ea ho\u1eb7c qu\u1ea3ng c\u00e1o c\u00e1c tuy\u00ean b\u1ed1 ch\u01b0a \u0111\u01b0\u1ee3c x\u00e1c minh.<\/p>\n\n\n\n<p>&nbsp;<\/p>\n\n\n\n<h3 class=\"wp-block-heading\" id=\"h-how-we-make-money\">C\u00e1ch ch\u00fang t\u00f4i ki\u1ebfm ti\u1ec1n<\/h3>\n\n\n\n<p class=\"wp-block-paragraph\">Crash-Games.net ki\u1ebfm doanh thu th\u00f4ng qua c\u00e1c \u0111\u1ed1i t\u00e1c li\u00ean k\u1ebft v\u1edbi c\u00e1c s\u00f2ng b\u1ea1c tr\u1ef1c tuy\u1ebfn c\u00f3 gi\u1ea5y ph\u00e9p. Khi b\u1ea1n nh\u1ea5p v\u00e0o li\u00ean k\u1ebft \u0111\u1ebfn s\u00f2ng b\u1ea1c v\u00e0 \u0111\u0103ng k\u00fd, ch\u00fang t\u00f4i c\u00f3 th\u1ec3 nh\u1eadn \u0111\u01b0\u1ee3c hoa h\u1ed3ng. \u0110i\u1ec1u n\u00e0y kh\u00f4ng \u1ea3nh h\u01b0\u1edfng \u0111\u1ebfn l\u1eddi khuy\u00ean ch\u00fang t\u00f4i \u0111\u01b0a ra \u2014 n\u1ed9i dung chi\u1ebfn l\u01b0\u1ee3c c\u1ee7a ch\u00fang t\u00f4i \u0111\u01b0\u1ee3c vi\u1ebft \u0111\u1ed9c l\u1eadp v\u1edbi b\u1ea5t k\u1ef3 m\u1ed1i quan h\u1ec7 th\u01b0\u01a1ng m\u1ea1i n\u00e0o.<\/p>\n\n\n\n<p class=\"wp-block-paragraph\">Ch\u00fang t\u00f4i kh\u00f4ng bao gi\u1edd khuy\u1ebfn ngh\u1ecb m\u1ed9t s\u00f2ng b\u1ea1c ch\u1ec9 v\u00ec n\u00f3 tr\u1ea3 hoa h\u1ed3ng cao h\u01a1n. Quy\u1ebft \u0111\u1ecbnh bi\u00ean t\u1eadp c\u1ee7a ch\u00fang t\u00f4i ho\u00e0n to\u00e0n \u0111\u1ed9c l\u1eadp v\u1edbi c\u00e1c m\u1ed1i quan h\u1ec7 kinh doanh c\u1ee7a ch\u00fang t\u00f4i.<\/p>\n\n\n\n<p>&nbsp;<\/p>\n\n\n\n<h3 class=\"wp-block-heading\" id=\"h-what-we-stand-against\">Nh\u1eefng \u0111i\u1ec1u ch\u00fang t\u00f4i ph\u1ea3n \u0111\u1ed1i<\/h3>\n\n\n\n<ul class=\"wp-block-list\">\n<li><strong>\u1ee8ng d\u1ee5ng d\u1ef1 \u0111o\u00e1n va ch\u1ea1m<\/strong> \u2014 Ch\u00fang kh\u00f4ng ho\u1ea1t \u0111\u1ed9ng, v\u00e0 ch\u00fang t\u00f4i t\u00edch c\u1ef1c c\u1ea3nh b\u00e1o v\u1ec1 ch\u00fang.<\/li>\n\n\n\n<li><strong>H\u1ec7 th\u1ed1ng \u0111\u1ea3m b\u1ea3o chi\u1ebfn th\u1eafng<\/strong> \u2014 Kh\u00f4ng c\u00f3 th\u1ee9 nh\u01b0 v\u1eady t\u1ed3n t\u1ea1i trong c\u00e1c tr\u00f2 ch\u01a1i may r\u1ee7i.<\/li>\n\n\n\n<li><strong>H\u00ecnh \u1ea3nh ch\u1ee5p m\u00e0n h\u00ecnh gi\u1ea3 m\u1ea1o v\u00e0 k\u1ebft qu\u1ea3 \u0111\u01b0\u1ee3c l\u00e0m gi\u1ea3<\/strong> \u2014 ch\u00fang t\u00f4i kh\u00f4ng bao gi\u1edd s\u1eed d\u1ee5ng ch\u00fang<\/li>\n\n\n\n<li><strong>Qu\u1ea3ng c\u00e1o c\u1edd b\u1ea1c thi\u1ebfu tr\u00e1ch nhi\u1ec7m<\/strong> \u2014 Ch\u00fang t\u00f4i bao g\u1ed3m c\u00e1c l\u1eddi nh\u1eafc nh\u1edf v\u1ec1 c\u00e1 c\u01b0\u1ee3c c\u00f3 tr\u00e1ch nhi\u1ec7m trong m\u1ecdi h\u01b0\u1edbng d\u1eabn chi\u1ebfn l\u01b0\u1ee3c.<\/li>\n<\/ul>\n\n\n\n<p>&nbsp;<\/p>\n\n\n\n<h3 class=\"wp-block-heading\" id=\"h-contact\">Li\u00ean h\u1ec7<\/h3>\n\n\n\n<p class=\"wp-block-paragraph\">\u0110\u1ec3 h\u1ecfi \u0111\u00e1p, ch\u1ec9nh s\u1eeda ho\u1eb7c li\u00ean h\u1ec7 h\u1ee3p t\u00e1c, vui l\u00f2ng li\u00ean h\u1ec7 v\u1edbi ch\u00fang t\u00f4i t\u1ea1i: <strong>contact@crash-games.net<\/strong><\/p>\n\n\n\n<p>&nbsp;<\/p>\n\n\n\n<p class=\"wp-block-paragraph\"><em>Crash-Games.net ch\u1ec9 d\u00e0nh cho ng\u01b0\u1eddi tr\u01b0\u1edfng th\u00e0nh (18+). C\u00e1 c\u01b0\u1ee3c c\u00f3 th\u1ec3 mang l\u1ea1i r\u1ee7i ro. Vui l\u00f2ng ch\u01a1i m\u1ed9t c\u00e1ch c\u00f3 tr\u00e1ch nhi\u1ec7m.<\/em><\/p>","protected":false},"excerpt":{"rendered":"<p>Crash-Games.net is an independent strategy guide for crash game players. We cover games like Aviator, JetX, Spaceman, Chicken Road, and similar formats \u2014 with a focus on bankroll discipline, smart play habits, and honest information. We are not a casino. We do not operate any gambling products. We do not accept bets, hold player funds, [&hellip;]<\/p>\n","protected":false},"author":1,"featured_media":0,"parent":0,"menu_order":0,"comment_status":"closed","ping_status":"closed","template":"","meta":{"_acf_changed":false,"footnotes":""},"class_list":["post-366","page","type-page","status-publish","hentry"],"acf":[],"_links":{"self":[{"href":"https:\/\/crash-games.net\/vi\/wp-json\/wp\/v2\/pages\/366","targetHints":{"allow":["GET"]}}],"collection":[{"href":"https:\/\/crash-games.net\/vi\/wp-json\/wp\/v2\/pages"}],"about":[{"href":"https:\/\/crash-games.net\/vi\/wp-json\/wp\/v2\/types\/page"}],"author":[{"embeddable":true,"href":"https:\/\/crash-games.net\/vi\/wp-json\/wp\/v2\/users\/1"}],"replies":[{"embeddable":true,"href":"https:\/\/crash-games.net\/vi\/wp-json\/wp\/v2\/comments?post=366"}],"version-history":[{"count":1,"href":"https:\/\/crash-games.net\/vi\/wp-json\/wp\/v2\/pages\/366\/revisions"}],"predecessor-version":[{"id":367,"href":"https:\/\/crash-games.net\/vi\/wp-json\/wp\/v2\/pages\/366\/revisions\/367"}],"wp:attachment":[{"href":"https:\/\/crash-games.net\/vi\/wp-json\/wp\/v2\/media?parent=366"}],"curies":[{"name":"wp","href":"https:\/\/api.w.org\/{rel}","templated":true}]}}