{"id":349,"date":"2026-02-23T17:39:41","date_gmt":"2026-02-23T17:39:41","guid":{"rendered":"https:\/\/crash-games.net\/?page_id=349"},"modified":"2026-02-23T17:39:44","modified_gmt":"2026-02-23T17:39:44","slug":"huong-dan","status":"publish","type":"page","link":"https:\/\/crash-games.net\/vi\/guides\/","title":{"rendered":"H\u01b0\u1edbng d\u1eabn ch\u01a1i game Crash \u2014 Hi\u1ec3u r\u00f5 tr\u00f2 ch\u01a1i tr\u01b0\u1edbc khi b\u1eaft \u0111\u1ea7u ch\u01a1i"},"content":{"rendered":"<p>Tr\u00f2 ch\u01a1i Crash tr\u00f4ng c\u00f3 v\u1ebb \u0111\u01a1n gi\u1ea3n tr\u00ean b\u1ec1 m\u1eb7t \u2014 h\u1ec7 s\u1ed1 nh\u00e2n t\u0103ng l\u00ean, b\u1ea1n r\u00fat ti\u1ec1n ho\u1eb7c kh\u00f4ng. Nh\u01b0ng \u1ea9n sau s\u1ef1 \u0111\u01a1n gi\u1ea3n \u0111\u00f3 l\u00e0 c\u00e1c c\u01a1 ch\u1ebf \u1ea3nh h\u01b0\u1edfng tr\u1ef1c ti\u1ebfp \u0111\u1ebfn tr\u1ea3i nghi\u1ec7m c\u1ee7a b\u1ea1n: RTP quy\u1ebft \u0111\u1ecbnh s\u1ed1 ti\u1ec1n nh\u00e0 c\u00e1i gi\u1eef l\u1ea1i theo th\u1eddi gian, \u0111\u1ed9 bi\u1ebfn \u0111\u1ed9ng \u1ea3nh h\u01b0\u1edfng \u0111\u1ebfn m\u1ee9c \u0111\u1ed9 \"\u0111i\u00ean r\u1ed3\" c\u1ee7a c\u00e1c phi\u00ean ch\u01a1i, v\u00e0 t\u00ednh c\u00f4ng b\u1eb1ng c\u00f3 th\u1ec3 ki\u1ec3m ch\u1ee9ng cho ph\u00e9p b\u1ea1n x\u00e1c minh li\u1ec7u m\u1ed9t v\u00f2ng ch\u01a1i c\u00f3 h\u1ee3p l\u1ec7 hay kh\u00f4ng.<\/p>\n\n\n\n<p>H\u1ea7u h\u1ebft c\u00e1c trang web s\u00f2ng b\u1ea1c \u0111\u1ec1u gi\u1ea5u th\u00f4ng tin n\u00e0y trong ph\u1ea7n ch\u1eef nh\u1ecf ho\u1eb7c b\u1ecf qua ho\u00e0n to\u00e0n. Ch\u00fang t\u00f4i cho r\u1eb1ng ng\u01b0\u1eddi ch\u01a1i x\u1ee9ng \u0111\u00e1ng \u0111\u01b0\u1ee3c \u0111\u1ed1i x\u1eed t\u1ed1t h\u01a1n th\u1ebf. M\u1ecdi h\u01b0\u1edbng d\u1eabn trong ph\u1ea7n n\u00e0y \u0111\u1ec1u \u0111\u01b0\u1ee3c vi\u1ebft b\u1eb1ng ng\u00f4n ng\u1eef \u0111\u01a1n gi\u1ea3n d\u00e0nh cho nh\u1eefng ai mu\u1ed1n hi\u1ec3u r\u00f5 nh\u1eefng g\u00ec th\u1ef1c s\u1ef1 di\u1ec5n ra khi ch\u01a1i \u2014 m\u00e0 kh\u00f4ng c\u1ea7n \u0111\u1ebfn thu\u1eadt ng\u1eef chuy\u00ean ng\u00e0nh.<\/p>\n\n\n<div class=\"wp-block-image\">\n<figure class=\"aligncenter size-large\"><img decoding=\"async\" width=\"1024\" height=\"683\" data-src=\"https:\/\/crash-games.net\/wp-content\/uploads\/2026\/02\/crash-game-rtp-explained-1024x683.webp\" alt=\"Bi\u1ec3u \u0111\u1ed3 \u0111\u01a1n gi\u1ea3n gi\u1ea3i th\u00edch RTP v\u00e0 l\u1ee3i th\u1ebf nh\u00e0 c\u00e1i trong c\u00e1c tr\u00f2 ch\u01a1i s\u00f2ng b\u1ea1c.\" class=\"wp-image-352 lazyload\" data-srcset=\"https:\/\/crash-games.net\/wp-content\/uploads\/2026\/02\/crash-game-rtp-explained-1024x683.webp 1024w, https:\/\/crash-games.net\/wp-content\/uploads\/2026\/02\/crash-game-rtp-explained-300x200.webp 300w, https:\/\/crash-games.net\/wp-content\/uploads\/2026\/02\/crash-game-rtp-explained-768x512.webp 768w, https:\/\/crash-games.net\/wp-content\/uploads\/2026\/02\/crash-game-rtp-explained.webp 1536w\" data-sizes=\"(max-width: 1024px) 100vw, 1024px\" src=\"data:image\/svg+xml;base64,PHN2ZyB3aWR0aD0iMSIgaGVpZ2h0PSIxIiB4bWxucz0iaHR0cDovL3d3dy53My5vcmcvMjAwMC9zdmciPjwvc3ZnPg==\" style=\"--smush-placeholder-width: 1024px; --smush-placeholder-aspect-ratio: 1024\/683;\" \/><\/figure>\n<\/div>\n\n\n<h3 class=\"wp-block-heading\" id=\"h-available-guides\">H\u01b0\u1edbng d\u1eabn c\u00f3 s\u1eb5n<\/h3>\n\n\n\n<p><strong>RTP Gi\u1ea3i th\u00edch<\/strong> \u2014 RTP l\u00e0 vi\u1ebft t\u1eaft c\u1ee7a Return to Player (T\u1ef7 l\u1ec7 ho\u00e0n tr\u1ea3 cho ng\u01b0\u1eddi ch\u01a1i), v\u00e0 n\u00f3 cho bi\u1ebft t\u1ef7 l\u1ec7 ph\u1ea7n tr\u0103m l\u00fd thuy\u1ebft c\u1ee7a s\u1ed1 ti\u1ec1n c\u01b0\u1ee3c m\u00e0 tr\u00f2 ch\u01a1i tr\u1ea3 l\u1ea1i cho ng\u01b0\u1eddi ch\u01a1i sau m\u1ed9t s\u1ed1 l\u01b0\u1ee3ng l\u1edbn v\u00f2ng ch\u01a1i. M\u1ed9t tr\u00f2 ch\u01a1i crash c\u00f3 t\u1ef7 l\u1ec7 97% RTP c\u00f3 ngh\u0129a l\u00e0, trung b\u00ecnh, $3 trong s\u1ed1 m\u1ed7i $100 ti\u1ec1n c\u01b0\u1ee3c s\u1ebd thu\u1ed9c v\u1ec1 nh\u00e0 c\u00e1i. Tuy nhi\u00ean, \u201ctrung b\u00ecnh\u201d kh\u00f4ng c\u00f3 ngh\u0129a l\u00e0 \u201cm\u1ed7i phi\u00ean ch\u01a1i\u201d \u2014 v\u00e0 \u0111\u00f3 ch\u00ednh l\u00e0 ph\u1ea7n m\u00e0 h\u1ea7u h\u1ebft m\u1ecdi ng\u01b0\u1eddi hi\u1ec3u l\u1ea7m.<\/p>\n\n\n\n<p><strong>Gi\u1ea3i th\u00edch v\u1ec1 \u0111\u1ed9 bi\u1ebfn \u0111\u1ed9ng<\/strong> \u2014 Hai tr\u00f2 ch\u01a1i c\u00f3 th\u1ec3 c\u00f3 c\u00f9ng m\u1ed9t RTP nh\u01b0ng c\u1ea3m gi\u00e1c ho\u00e0n to\u00e0n kh\u00e1c nhau. M\u1ed9t tr\u00f2 ch\u01a1i c\u00f3 th\u1ec3 tr\u1ea3 th\u01b0\u1edfng v\u1edbi s\u1ed1 ti\u1ec1n nh\u1ecf th\u01b0\u1eddng xuy\u00ean, trong khi tr\u00f2 ch\u01a1i kh\u00e1c tr\u1ea3 th\u01b0\u1edfng \u00edt h\u01a1n nh\u01b0ng v\u1edbi s\u1ed1 ti\u1ec1n l\u1edbn h\u01a1n. \u0110\u1ed9 bi\u1ebfn \u0111\u1ed9ng m\u00f4 t\u1ea3 s\u1ef1 kh\u00e1c bi\u1ec7t \u0111\u00f3, v\u00e0 n\u00f3 \u1ea3nh h\u01b0\u1edfng r\u1ea5t l\u1edbn \u0111\u1ebfn tr\u1ea3i nghi\u1ec7m ch\u01a1i game c\u1ee7a b\u1ea1n h\u01a1n l\u00e0 h\u1ea7u h\u1ebft ng\u01b0\u1eddi ch\u01a1i nh\u1eadn ra \u2014 \u0111\u1eb7c bi\u1ec7t l\u00e0 trong c\u00e1c tr\u00f2 ch\u01a1i crash, v\u1ed1n th\u01b0\u1eddng c\u00f3 \u0111\u1ed9 bi\u1ebfn \u0111\u1ed9ng cao.<\/p>\n\n\n\n<p><strong>X\u00e1c minh c\u00f4ng b\u1eb1ng c\u00f3 th\u1ec3 ch\u1ee9ng minh \u0111\u01b0\u1ee3c<\/strong> \u2014 Nhi\u1ec1u tr\u00f2 ch\u01a1i s\u1eadp \u2014 \u0111\u1eb7c bi\u1ec7t l\u00e0 t\u1ea1i c\u00e1c s\u00f2ng b\u1ea1c ti\u1ec1n \u0111i\u1ec7n t\u1eed \u2014 s\u1eed d\u1ee5ng c\u00f4ng ngh\u1ec7 c\u00f4ng b\u1eb1ng c\u00f3 th\u1ec3 ki\u1ec3m ch\u1ee9ng. \u0110i\u1ec1u n\u00e0y c\u00f3 ngh\u0129a l\u00e0 b\u1ea1n c\u00f3 th\u1ec3 ki\u1ec3m tra to\u00e1n h\u1ecdc \u0111\u1ec3 x\u00e1c minh r\u1eb1ng \u0111i\u1ec3m s\u1eadp cho m\u1ed7i v\u00f2ng ch\u01a1i \u0111\u00e3 \u0111\u01b0\u1ee3c x\u00e1c \u0111\u1ecbnh m\u1ed9t c\u00e1ch c\u00f4ng b\u1eb1ng. <em>tr\u01b0\u1edbc<\/em> V\u00f2ng \u0111\u1ea5u \u0111\u00e3 b\u1eaft \u0111\u1ea7u v\u00e0 kh\u00f4ng b\u1ecb can thi\u1ec7p. H\u01b0\u1edbng d\u1eabn vi\u00ean c\u1ee7a ch\u00fang t\u00f4i s\u1ebd h\u01b0\u1edbng d\u1eabn b\u1ea1n qua quy tr\u00ecnh x\u00e1c minh t\u1eebng b\u01b0\u1edbc m\u1ed9t, k\u00e8m theo c\u00e1c v\u00ed d\u1ee5 th\u1ef1c t\u1ebf.<\/p>\n\n\n\n<p><strong>Ch\u01a1i game c\u00f3 tr\u00e1ch nhi\u1ec7m<\/strong> \u2014 C\u00e1c tr\u00f2 ch\u01a1i c\u00f3 t\u00ednh ch\u1ea5t nhanh ch\u00f3ng v\u00e0 h\u1ea5p d\u1eabn n\u00e0y c\u0169ng ti\u1ec1m \u1ea9n r\u1ee7i ro cao \u0111\u1ed1i v\u1edbi nh\u1eefng ng\u01b0\u1eddi ch\u01a1i g\u1eb7p kh\u00f3 kh\u0103n trong vi\u1ec7c ki\u1ec3m so\u00e1t gi\u1edbi h\u1ea1n c\u1ee7a m\u00ecnh. H\u01b0\u1edbng d\u1eabn n\u00e0y cung c\u1ea5p c\u00e1c c\u00f4ng c\u1ee5 th\u1ef1c ti\u1ec5n: ng\u00e2n s\u00e1ch cho m\u1ed7i phi\u00ean ch\u01a1i, gi\u1edbi h\u1ea1n th\u1eddi gian, t\u00f9y ch\u1ecdn t\u1ef1 lo\u1ea1i tr\u1eeb, c\u00e1c d\u1ea5u hi\u1ec7u c\u1ea3nh b\u00e1o cho th\u1ea5y vi\u1ec7c ch\u01a1i \u0111\u00e3 tr\u1edf n\u00ean kh\u00f4ng l\u00e0nh m\u1ea1nh, v\u00e0 n\u01a1i t\u00ecm ki\u1ebfm s\u1ef1 h\u1ed7 tr\u1ee3 n\u1ebfu b\u1ea1n c\u1ea7n.<\/p>\n\n\n\n<h3 class=\"wp-block-heading\" id=\"h-who-these-guides-are-for\">Nh\u1eefng h\u01b0\u1edbng d\u1eabn n\u00e0y d\u00e0nh cho ai?<\/h3>\n\n\n\n<p>B\u1ea1n kh\u00f4ng c\u1ea7n b\u1eb1ng c\u1ea5p v\u1ec1 to\u00e1n h\u1ecdc hay kinh nghi\u1ec7m c\u00e1 c\u01b0\u1ee3c. Nh\u1eefng h\u01b0\u1edbng d\u1eabn n\u00e0y \u0111\u01b0\u1ee3c vi\u1ebft cho b\u1ea5t k\u1ef3 ai ch\u01a1i tr\u00f2 ch\u01a1i crash \u2014 ho\u1eb7c \u0111ang c\u00e2n nh\u1eafc ch\u01a1i \u2014 v\u00e0 mu\u1ed1n \u0111\u01b0a ra quy\u1ebft \u0111\u1ecbnh th\u00f4ng minh. D\u00f9 b\u1ea1n \u0111\u00e3 ch\u01a1i h\u00e0ng ngh\u00ecn v\u00e1n hay ch\u01b0a t\u1eebng ch\u01a1i, b\u1eaft \u0111\u1ea7u t\u1eeb \u0111\u00e2y s\u1ebd gi\u00fap b\u1ea1n tr\u00e1nh b\u1ed1i r\u1ed1i (v\u00e0 c\u00f3 th\u1ec3 ti\u1ebft ki\u1ec7m ti\u1ec1n) sau n\u00e0y.<\/p>\n\n\n<div class=\"wp-block-image\">\n<figure class=\"aligncenter size-large\"><img decoding=\"async\" width=\"1024\" height=\"683\" data-src=\"https:\/\/crash-games.net\/wp-content\/uploads\/2026\/02\/crash-game-learning-center-1024x683.webp\" alt=\"H\u01b0\u1edbng d\u1eabn d\u1ec5 hi\u1ec3u cho ng\u01b0\u1eddi m\u1edbi b\u1eaft \u0111\u1ea7u v\u1ec1 c\u01a1 ch\u1ebf c\u1ee7a tr\u00f2 ch\u01a1i crash\" class=\"wp-image-353 lazyload\" data-srcset=\"https:\/\/crash-games.net\/wp-content\/uploads\/2026\/02\/crash-game-learning-center-1024x683.webp 1024w, https:\/\/crash-games.net\/wp-content\/uploads\/2026\/02\/crash-game-learning-center-300x200.webp 300w, https:\/\/crash-games.net\/wp-content\/uploads\/2026\/02\/crash-game-learning-center-768x512.webp 768w, https:\/\/crash-games.net\/wp-content\/uploads\/2026\/02\/crash-game-learning-center.webp 1536w\" data-sizes=\"(max-width: 1024px) 100vw, 1024px\" src=\"data:image\/svg+xml;base64,PHN2ZyB3aWR0aD0iMSIgaGVpZ2h0PSIxIiB4bWxucz0iaHR0cDovL3d3dy53My5vcmcvMjAwMC9zdmciPjwvc3ZnPg==\" style=\"--smush-placeholder-width: 1024px; --smush-placeholder-aspect-ratio: 1024\/683;\" \/><\/figure>\n<\/div>\n\n\n<p>N\u1ebfu b\u1ea1n l\u00e0 ng\u01b0\u1eddi m\u1edbi ho\u00e0n to\u00e0n, h\u00e3y b\u1eaft \u0111\u1ea7u v\u1edbi <a href=\"\/vi\/huong-dan\/provably-fair-verification\/\">X\u00e1c minh c\u00f4ng b\u1eb1ng c\u00f3 th\u1ec3 ch\u1ee9ng minh \u0111\u01b0\u1ee3c<\/a> \u2014 \u0111\u00f3 l\u00e0 kh\u00e1i ni\u1ec7m tin c\u1eady quan tr\u1ecdng nh\u1ea5t trong tr\u00f2 ch\u01a1i crash. Sau \u0111\u00f3 chuy\u1ec3n sang <a href=\"\/vi\/huong-dan\/co-bac-co-trach-nhiem\/\">Ch\u01a1i game c\u00f3 tr\u00e1ch nhi\u1ec7m<\/a> Tr\u01b0\u1edbc khi b\u1ea1n ch\u01a1i b\u1eb1ng ti\u1ec1n th\u1eadt.<\/p>\n\n\n\n<h3 class=\"wp-block-heading\" id=\"h-glossary\">T\u1eeb \u0111i\u1ec3n nhanh<\/h3>\n\n\n\n<ul class=\"wp-block-list\">\n<li><strong>H\u1ec7 s\u1ed1 nh\u00e2n<\/strong> \u2014 S\u1ed1 ti\u1ec1n t\u0103ng l\u00ean trong v\u00f2ng ch\u01a1i s\u1eadp gi\u00e1. R\u00fat ti\u1ec1n tr\u01b0\u1edbc khi s\u1eadp gi\u00e1 \u0111\u1ec3 nh\u1eadn ti\u1ec1n c\u01b0\u1ee3c nh\u00e2n v\u1edbi h\u1ec7 s\u1ed1 nh\u00e2n.<\/li>\n\n\n\n<li><strong>R\u00fat ti\u1ec1n t\u1ef1 \u0111\u1ed9ng<\/strong> \u2014 M\u1ed9t c\u00e0i \u0111\u1eb7t t\u1ef1 \u0111\u1ed9ng thanh to\u00e1n cho b\u1ea1n khi h\u1ec7 s\u1ed1 nh\u00e2n \u0111\u1ea1t \u0111\u1ebfn m\u1ee5c ti\u00eau \u0111\u00e3 ch\u1ecdn.<\/li>\n\n\n\n<li><strong>L\u1ee3i th\u1ebf c\u1ee7a nh\u00e0 c\u00e1i<\/strong> \u2014 T\u1ef7 l\u1ec7 ph\u1ea7n tr\u0103m trung b\u00ecnh m\u00e0 s\u00f2ng b\u1ea1c gi\u1eef l\u1ea1i t\u1eeb m\u1ed7i c\u01b0\u1ee3c theo th\u1eddi gian. Th\u00f4ng th\u01b0\u1eddng t\u1eeb 11% \u0111\u1ebfn 51% trong c\u00e1c tr\u00f2 ch\u01a1i crash.<\/li>\n\n\n\n<li><strong>C\u00f4ng b\u1eb1ng c\u00f3 th\u1ec3 ch\u1ee9ng minh \u0111\u01b0\u1ee3c<\/strong> \u2014 H\u1ec7 th\u1ed1ng m\u00e3 h\u00f3a cho ph\u00e9p ng\u01b0\u1eddi ch\u01a1i x\u00e1c minh r\u1eb1ng m\u1ed7i v\u00f2ng ch\u01a1i kh\u00f4ng b\u1ecb can thi\u1ec7p.<\/li>\n\n\n\n<li><strong>\u0110\u1ed9 l\u1ec7ch chu\u1ea9n<\/strong> \u2014 Nh\u1eefng bi\u1ebfn \u0111\u1ed9ng t\u1ef1 nhi\u00ean c\u1ee7a k\u1ebft qu\u1ea3 ng\u1eafn h\u1ea1n xung quanh m\u1ee9c trung b\u00ecnh d\u00e0i h\u1ea1n (RTP).<\/li>\n\n\n\n<li><strong>Gi\u1edbi h\u1ea1n phi\u00ean<\/strong> \u2014 M\u1ed9t ng\u00e2n s\u00e1ch ho\u1eb7c gi\u1edbi h\u1ea1n th\u1eddi gian \u0111\u00e3 \u0111\u01b0\u1ee3c thi\u1ebft l\u1eadp tr\u01b0\u1edbc khi ch\u01a1i \u0111\u1ec3 tr\u00e1nh chi ti\u00eau qu\u00e1 m\u1ee9c.<\/li>\n<\/ul>\n\n\n\n<p><em>Tr\u00f2 ch\u01a1i Crash c\u00f3 \u0111\u1ed9 bi\u1ebfn \u0111\u1ed9ng cao v\u00e0 k\u1ebft qu\u1ea3 l\u00e0 ng\u1eabu nhi\u00ean. Hi\u1ec3u r\u00f5 c\u00e1c c\u01a1 ch\u1ebf n\u00e0y s\u1ebd kh\u00f4ng thay \u0111\u1ed5i t\u1ef7 l\u1ec7 c\u01b0\u1ee3c \u2014 nh\u01b0ng n\u00f3 s\u1ebd gi\u00fap b\u1ea1n \u0111\u01b0a ra quy\u1ebft \u0111\u1ecbnh t\u1ed1t h\u01a1n v\u1ec1 c\u00e1ch, th\u1eddi \u0111i\u1ec3m v\u00e0 li\u1ec7u c\u00f3 n\u00ean ch\u01a1i hay kh\u00f4ng.<\/em><\/p>","protected":false},"excerpt":{"rendered":"<p>Crash games look simple on the surface \u2014 a multiplier goes up, you cash out or you do not. But underneath that simplicity are mechanics that directly affect your experience: RTP determines how much the house keeps over time, volatility shapes how wild your sessions feel, and provably fair lets you check whether a round [&hellip;]<\/p>\n","protected":false},"author":1,"featured_media":351,"parent":0,"menu_order":0,"comment_status":"closed","ping_status":"closed","template":"","meta":{"_acf_changed":false,"footnotes":""},"class_list":["post-349","page","type-page","status-publish","has-post-thumbnail","hentry"],"acf":[],"_links":{"self":[{"href":"https:\/\/crash-games.net\/vi\/wp-json\/wp\/v2\/pages\/349","targetHints":{"allow":["GET"]}}],"collection":[{"href":"https:\/\/crash-games.net\/vi\/wp-json\/wp\/v2\/pages"}],"about":[{"href":"https:\/\/crash-games.net\/vi\/wp-json\/wp\/v2\/types\/page"}],"author":[{"embeddable":true,"href":"https:\/\/crash-games.net\/vi\/wp-json\/wp\/v2\/users\/1"}],"replies":[{"embeddable":true,"href":"https:\/\/crash-games.net\/vi\/wp-json\/wp\/v2\/comments?post=349"}],"version-history":[{"count":2,"href":"https:\/\/crash-games.net\/vi\/wp-json\/wp\/v2\/pages\/349\/revisions"}],"predecessor-version":[{"id":354,"href":"https:\/\/crash-games.net\/vi\/wp-json\/wp\/v2\/pages\/349\/revisions\/354"}],"wp:featuredmedia":[{"embeddable":true,"href":"https:\/\/crash-games.net\/vi\/wp-json\/wp\/v2\/media\/351"}],"wp:attachment":[{"href":"https:\/\/crash-games.net\/vi\/wp-json\/wp\/v2\/media?parent=349"}],"curies":[{"name":"wp","href":"https:\/\/api.w.org\/{rel}","templated":true}]}}