{"id":349,"date":"2026-02-23T17:39:41","date_gmt":"2026-02-23T17:39:41","guid":{"rendered":"https:\/\/crash-games.net\/?page_id=349"},"modified":"2026-02-23T17:39:44","modified_gmt":"2026-02-23T17:39:44","slug":"rehberler","status":"publish","type":"page","link":"https:\/\/crash-games.net\/tr\/guides\/","title":{"rendered":"Crash Oyun K\u0131lavuzlar\u0131 - Oynamadan \u00d6nce Oyunu Anlay\u0131n"},"content":{"rendered":"<p>Crash oyunlar\u0131 y\u00fczeyde basit g\u00f6r\u00fcn\u00fcr - bir \u00e7arpan artar, para kazan\u0131rs\u0131n\u0131z ya da kazanamazs\u0131n\u0131z. Ancak bu basitli\u011fin alt\u0131nda deneyiminizi do\u011frudan etkileyen mekanikler vard\u0131r: RTP kasan\u0131n zaman i\u00e7inde ne kadar tutaca\u011f\u0131n\u0131 belirler, volatilite oturumlar\u0131n\u0131z\u0131n ne kadar vah\u015fi hissettirdi\u011fini \u015fekillendirir ve kan\u0131tlanabilir adil bir turun me\u015fru olup olmad\u0131\u011f\u0131n\u0131 kontrol etmenizi sa\u011flar.<\/p>\n\n\n\n<p>\u00c7o\u011fu casino sitesi bu bilgiyi k\u00fc\u00e7\u00fck harflerle yazar veya tamamen atlar. Oyuncular\u0131n bundan daha iyisini hak etti\u011fini d\u00fc\u015f\u00fcn\u00fcyoruz. Bu b\u00f6l\u00fcmdeki her k\u0131lavuz, oyun oynarken ger\u00e7ekte neler oldu\u011funu anlamak isteyen insanlar i\u00e7in sade bir dille yaz\u0131lm\u0131\u015ft\u0131r - jargon olmadan.<\/p>\n\n\n<div class=\"wp-block-image\">\n<figure class=\"aligncenter size-large\"><img decoding=\"async\" width=\"1024\" height=\"683\" data-src=\"https:\/\/crash-games.net\/wp-content\/uploads\/2026\/02\/crash-game-rtp-explained-1024x683.webp\" alt=\"\u00c7arp\u0131\u015fma oyunlar\u0131nda RTP ve kasa avantaj\u0131n\u0131 a\u00e7\u0131klayan basit grafik\" class=\"wp-image-352 lazyload\" data-srcset=\"https:\/\/crash-games.net\/wp-content\/uploads\/2026\/02\/crash-game-rtp-explained-1024x683.webp 1024w, https:\/\/crash-games.net\/wp-content\/uploads\/2026\/02\/crash-game-rtp-explained-300x200.webp 300w, https:\/\/crash-games.net\/wp-content\/uploads\/2026\/02\/crash-game-rtp-explained-768x512.webp 768w, https:\/\/crash-games.net\/wp-content\/uploads\/2026\/02\/crash-game-rtp-explained.webp 1536w\" data-sizes=\"(max-width: 1024px) 100vw, 1024px\" src=\"data:image\/svg+xml;base64,PHN2ZyB3aWR0aD0iMSIgaGVpZ2h0PSIxIiB4bWxucz0iaHR0cDovL3d3dy53My5vcmcvMjAwMC9zdmciPjwvc3ZnPg==\" style=\"--smush-placeholder-width: 1024px; --smush-placeholder-aspect-ratio: 1024\/683;\" \/><\/figure>\n<\/div>\n\n\n<h3 class=\"wp-block-heading\" id=\"h-available-guides\">Mevcut K\u0131lavuzlar<\/h3>\n\n\n\n<p><strong>RTP A\u00e7\u0131klamas\u0131<\/strong> - RTP Oyuncuya Geri D\u00f6n\u00fc\u015f anlam\u0131na gelir ve bir oyunun \u00e7ok say\u0131da turda geri \u00f6dedi\u011fi bahislerin teorik y\u00fczdesini g\u00f6sterir. 97% RTP'ye sahip bir \u00e7arp\u0131\u015fma oyunu, ortalama olarak, yat\u0131r\u0131lan her $100 bahisten $3\u201c\u00fcn\u00fcn kasaya gitti\u011fi anlam\u0131na gelir. Ancak \u201dortalama\u201c, \u201dher oturum\" anlam\u0131na gelmez - ve \u00e7o\u011fu insan\u0131n yanl\u0131\u015f anlad\u0131\u011f\u0131 k\u0131s\u0131m da budur.<\/p>\n\n\n\n<p><strong>Volatilite A\u00e7\u0131klamas\u0131<\/strong> - \u0130ki oyun ayn\u0131 RTP'ye sahip olabilir ancak tamamen farkl\u0131 hissettirebilir. Biri s\u0131k s\u0131k k\u00fc\u00e7\u00fck miktarlarda \u00f6deme yaparken, di\u011feri nadiren ancak daha b\u00fcy\u00fck par\u00e7alar halinde \u00f6deme yapabilir. Volatilite bu fark\u0131 tan\u0131mlar ve oturum deneyiminiz i\u00e7in \u00e7o\u011fu oyuncunun fark etti\u011finden \u00e7ok daha \u00f6nemlidir - \u00f6zellikle de y\u00fcksek u\u00e7ta yer alma e\u011filiminde olan \u00e7arp\u0131\u015fma oyunlar\u0131nda.<\/p>\n\n\n\n<p><strong>Kan\u0131tlanabilir Adil Do\u011frulama<\/strong> - Bir\u00e7ok \u00e7arp\u0131\u015fma oyunu - \u00f6zellikle kripto casinolar\u0131nda - kan\u0131tlanabilir adil teknoloji kullan\u0131r. Bu, her tur i\u00e7in \u00e7arp\u0131\u015fma noktas\u0131n\u0131n belirlendi\u011fini matematiksel olarak do\u011frulayabilece\u011finiz anlam\u0131na gelir <em>\u00f6nce<\/em> tur ba\u015flad\u0131 ve manip\u00fcle edilmedi. Rehberimiz, ger\u00e7ek \u00f6rneklerle do\u011frulama s\u00fcrecinde size ad\u0131m ad\u0131m yol g\u00f6sterir.<\/p>\n\n\n\n<p><strong>Sorumlu Kumar Oynama<\/strong> - Crash oyunlar\u0131 h\u0131zl\u0131 ve ilgi \u00e7ekici olacak \u015fekilde tasarlanm\u0131\u015ft\u0131r, bu da onlar\u0131 s\u0131n\u0131rlarla m\u00fccadele eden oyuncular i\u00e7in y\u00fcksek riskli hale getirir. Bu k\u0131lavuz pratik ara\u00e7lar\u0131 kapsamaktad\u0131r: oturum b\u00fct\u00e7eleri, zaman s\u0131n\u0131rlar\u0131, kendini d\u0131\u015flama se\u00e7enekleri, oyunun sa\u011fl\u0131ks\u0131z hale geldi\u011fine dair uyar\u0131 i\u015faretleri ve ihtiya\u00e7 duydu\u011funuzda nereden destek alabilece\u011finiz.<\/p>\n\n\n\n<h3 class=\"wp-block-heading\" id=\"h-who-these-guides-are-for\">Bu K\u0131lavuzlar Kimler \u0130\u00e7in<\/h3>\n\n\n\n<p>Matematik derecesine veya kumar ge\u00e7mi\u015fine ihtiyac\u0131n\u0131z yok. Bu k\u0131lavuzlar, \u00e7arp\u0131\u015fma oyunlar\u0131 oynayan - ya da oynamay\u0131 d\u00fc\u015f\u00fcnen - ve bilin\u00e7li kararlar vermek isteyen herkes i\u00e7in yaz\u0131lm\u0131\u015ft\u0131r. \u0130ster bin tur oynam\u0131\u015f olun ister s\u0131f\u0131r, buradan ba\u015flamak sizi daha sonra kafa kar\u0131\u015f\u0131kl\u0131\u011f\u0131ndan (ve muhtemelen paradan) kurtaracakt\u0131r.<\/p>\n\n\n<div class=\"wp-block-image\">\n<figure class=\"aligncenter size-large\"><img decoding=\"async\" width=\"1024\" height=\"683\" data-src=\"https:\/\/crash-games.net\/wp-content\/uploads\/2026\/02\/crash-game-learning-center-1024x683.webp\" alt=\"\u00c7arp\u0131\u015fma oyunu mekaniklerini anlamak i\u00e7in acemi dostu rehber\" class=\"wp-image-353 lazyload\" data-srcset=\"https:\/\/crash-games.net\/wp-content\/uploads\/2026\/02\/crash-game-learning-center-1024x683.webp 1024w, https:\/\/crash-games.net\/wp-content\/uploads\/2026\/02\/crash-game-learning-center-300x200.webp 300w, https:\/\/crash-games.net\/wp-content\/uploads\/2026\/02\/crash-game-learning-center-768x512.webp 768w, https:\/\/crash-games.net\/wp-content\/uploads\/2026\/02\/crash-game-learning-center.webp 1536w\" data-sizes=\"(max-width: 1024px) 100vw, 1024px\" src=\"data:image\/svg+xml;base64,PHN2ZyB3aWR0aD0iMSIgaGVpZ2h0PSIxIiB4bWxucz0iaHR0cDovL3d3dy53My5vcmcvMjAwMC9zdmciPjwvc3ZnPg==\" style=\"--smush-placeholder-width: 1024px; --smush-placeholder-aspect-ratio: 1024\/683;\" \/><\/figure>\n<\/div>\n\n\n<p>E\u011fer tamamen yeniyseniz, \u015funlarla ba\u015flay\u0131n <a href=\"\/tr\/rehberler\/provably-fair-verification\/\">Kan\u0131tlanabilir Adil Do\u011frulama<\/a> - \u00e7arp\u0131\u015fma oyunlar\u0131ndaki en \u00f6nemli g\u00fcven kavram\u0131d\u0131r. Sonra da <a href=\"\/tr\/rehberler\/sorumlu-oyun\/\">Sorumlu Kumar Oynama<\/a> ger\u00e7ek parayla oynamadan \u00f6nce.<\/p>\n\n\n\n<h3 class=\"wp-block-heading\" id=\"h-glossary\">H\u0131zl\u0131 S\u00f6zl\u00fck<\/h3>\n\n\n\n<ul class=\"wp-block-list\">\n<li><strong>\u00c7arpan<\/strong> - \u00c7arp\u0131\u015fma oyunu turu s\u0131ras\u0131nda y\u00fckselen say\u0131. Bahsinizin \u00e7arpan\u0131n\u0131 kazanmak i\u00e7in \u00e7arp\u0131\u015fmadan \u00f6nce para yat\u0131r\u0131n.<\/li>\n\n\n\n<li><strong>Otomatik nakit \u00e7\u0131k\u0131\u015f\u0131<\/strong> - \u00c7arpan se\u00e7ti\u011finiz hedefe ula\u015ft\u0131\u011f\u0131nda sizi otomatik olarak nakde \u00e7eviren bir ayar.<\/li>\n\n\n\n<li><strong>Kasa avantaj\u0131<\/strong> - Kumarhanenin zaman i\u00e7inde ortalama olarak tuttu\u011fu her bahsin y\u00fczdesi. \u00c7arp\u0131\u015fma oyunlar\u0131nda tipik olarak 1% ila 5%.<\/li>\n\n\n\n<li><strong>Kan\u0131tlanabilir \u015fekilde adil<\/strong> - Oyuncular\u0131n her turun manip\u00fcle edilmedi\u011fini do\u011frulamas\u0131n\u0131 sa\u011flayan bir kriptografik sistem.<\/li>\n\n\n\n<li><strong>Varyans<\/strong> - Uzun vadeli ortalama (RTP) etraf\u0131nda k\u0131sa vadeli sonu\u00e7lar\u0131n do\u011fal ini\u015f ve \u00e7\u0131k\u0131\u015flar\u0131.<\/li>\n\n\n\n<li><strong>Oturum s\u0131n\u0131r\u0131<\/strong> - A\u015f\u0131r\u0131 harcamay\u0131 \u00f6nlemek i\u00e7in oynamadan \u00f6nce belirledi\u011finiz \u00f6nceden ayarlanm\u0131\u015f bir b\u00fct\u00e7e veya zaman k\u0131s\u0131tlamas\u0131.<\/li>\n<\/ul>\n\n\n\n<p><em>Crash oyunlar\u0131 y\u00fcksek volatiliteye sahiptir ve sonu\u00e7lar\u0131 rastgeledir. Bu mekanikleri anlamak olas\u0131l\u0131klar\u0131 de\u011fi\u015ftirmeyecektir - ancak nas\u0131l, ne zaman ve oynay\u0131p oynamayaca\u011f\u0131n\u0131z konusunda daha iyi kararlar vermenize yard\u0131mc\u0131 olacakt\u0131r.<\/em><\/p>","protected":false},"excerpt":{"rendered":"<p>Crash games look simple on the surface \u2014 a multiplier goes up, you cash out or you do not. But underneath that simplicity are mechanics that directly affect your experience: RTP determines how much the house keeps over time, volatility shapes how wild your sessions feel, and provably fair lets you check whether a round [&hellip;]<\/p>\n","protected":false},"author":1,"featured_media":351,"parent":0,"menu_order":0,"comment_status":"closed","ping_status":"closed","template":"","meta":{"_acf_changed":false,"footnotes":""},"class_list":["post-349","page","type-page","status-publish","has-post-thumbnail","hentry"],"acf":[],"_links":{"self":[{"href":"https:\/\/crash-games.net\/tr\/wp-json\/wp\/v2\/pages\/349","targetHints":{"allow":["GET"]}}],"collection":[{"href":"https:\/\/crash-games.net\/tr\/wp-json\/wp\/v2\/pages"}],"about":[{"href":"https:\/\/crash-games.net\/tr\/wp-json\/wp\/v2\/types\/page"}],"author":[{"embeddable":true,"href":"https:\/\/crash-games.net\/tr\/wp-json\/wp\/v2\/users\/1"}],"replies":[{"embeddable":true,"href":"https:\/\/crash-games.net\/tr\/wp-json\/wp\/v2\/comments?post=349"}],"version-history":[{"count":2,"href":"https:\/\/crash-games.net\/tr\/wp-json\/wp\/v2\/pages\/349\/revisions"}],"predecessor-version":[{"id":354,"href":"https:\/\/crash-games.net\/tr\/wp-json\/wp\/v2\/pages\/349\/revisions\/354"}],"wp:featuredmedia":[{"embeddable":true,"href":"https:\/\/crash-games.net\/tr\/wp-json\/wp\/v2\/media\/351"}],"wp:attachment":[{"href":"https:\/\/crash-games.net\/tr\/wp-json\/wp\/v2\/media?parent=349"}],"curies":[{"name":"wp","href":"https:\/\/api.w.org\/{rel}","templated":true}]}}