{"id":349,"date":"2026-02-23T17:39:41","date_gmt":"2026-02-23T17:39:41","guid":{"rendered":"https:\/\/crash-games.net\/?page_id=349"},"modified":"2026-02-23T17:39:44","modified_gmt":"2026-02-23T17:39:44","slug":"poradniki","status":"publish","type":"page","link":"https:\/\/crash-games.net\/pl\/guides\/","title":{"rendered":"Przewodniki po grach Crash - poznaj gr\u0119, zanim zaczniesz gra\u0107"},"content":{"rendered":"<p>Z pozoru gry Crash wygl\u0105daj\u0105 prosto - mno\u017cnik ro\u015bnie, wyp\u0142acasz pieni\u0105dze lub nie. Ale pod t\u0105 prostot\u0105 kryj\u0105 si\u0119 mechanizmy, kt\u00f3re bezpo\u015brednio wp\u0142ywaj\u0105 na twoje wra\u017cenia: RTP okre\u015bla, ile kasyno zatrzymuje w czasie, zmienno\u015b\u0107 kszta\u0142tuje, jak dzikie s\u0105 twoje sesje, a provably fair pozwala sprawdzi\u0107, czy runda by\u0142a legalna.<\/p>\n\n\n\n<p>Wi\u0119kszo\u015b\u0107 kasyn ukrywa te informacje drobnym drukiem lub ca\u0142kowicie je pomija. Uwa\u017camy, \u017ce gracze zas\u0142uguj\u0105 na co\u015b lepszego. Ka\u017cdy przewodnik w tej sekcji jest napisany prostym j\u0119zykiem dla ludzi, kt\u00f3rzy chc\u0105 zrozumie\u0107, co tak naprawd\u0119 dzieje si\u0119 podczas gry - bez \u017cargonu.<\/p>\n\n\n<div class=\"wp-block-image\">\n<figure class=\"aligncenter size-large\"><img decoding=\"async\" width=\"1024\" height=\"683\" data-src=\"https:\/\/crash-games.net\/wp-content\/uploads\/2026\/02\/crash-game-rtp-explained-1024x683.webp\" alt=\"Prosty wykres wyja\u015bniaj\u0105cy RTP i house edge w grach crash\" class=\"wp-image-352 lazyload\" data-srcset=\"https:\/\/crash-games.net\/wp-content\/uploads\/2026\/02\/crash-game-rtp-explained-1024x683.webp 1024w, https:\/\/crash-games.net\/wp-content\/uploads\/2026\/02\/crash-game-rtp-explained-300x200.webp 300w, https:\/\/crash-games.net\/wp-content\/uploads\/2026\/02\/crash-game-rtp-explained-768x512.webp 768w, https:\/\/crash-games.net\/wp-content\/uploads\/2026\/02\/crash-game-rtp-explained.webp 1536w\" data-sizes=\"(max-width: 1024px) 100vw, 1024px\" src=\"data:image\/svg+xml;base64,PHN2ZyB3aWR0aD0iMSIgaGVpZ2h0PSIxIiB4bWxucz0iaHR0cDovL3d3dy53My5vcmcvMjAwMC9zdmciPjwvc3ZnPg==\" style=\"--smush-placeholder-width: 1024px; --smush-placeholder-aspect-ratio: 1024\/683;\" \/><\/figure>\n<\/div>\n\n\n<h3 class=\"wp-block-heading\" id=\"h-available-guides\">Dost\u0119pne przewodniki<\/h3>\n\n\n\n<p><strong>RTP Wyja\u015bnienie<\/strong> - RTP to skr\u00f3t od Return to Player (zwrot dla gracza), kt\u00f3ry okre\u015bla teoretyczny procent zak\u0142ad\u00f3w zwracanych przez gr\u0119 w bardzo du\u017cej liczbie rund. Gra crash z 97% RTP oznacza, \u017ce \u015brednio $3 z ka\u017cdego $100 postawionego zak\u0142adu trafia do kasyna. Ale \u201c\u015brednio\u201d nie oznacza \u201cw ka\u017cdej sesji\u201d - i jest to cz\u0119\u015b\u0107, kt\u00f3r\u0105 wi\u0119kszo\u015b\u0107 ludzi \u017ale rozumie.<\/p>\n\n\n\n<p><strong>Wyja\u015bnienie zmienno\u015bci<\/strong> - Dwie gry mog\u0105 mie\u0107 ten sam RTP, ale czu\u0107 si\u0119 zupe\u0142nie inaczej. Jedna mo\u017ce cz\u0119sto wyp\u0142aca\u0107 ma\u0142e kwoty, podczas gdy inna p\u0142aci rzadko, ale w wi\u0119kszych kawa\u0142kach. Zmienno\u015b\u0107 opisuje t\u0119 r\u00f3\u017cnic\u0119 i ma o wiele wi\u0119ksze znaczenie dla wra\u017ce\u0144 z sesji, ni\u017c wi\u0119kszo\u015b\u0107 graczy zdaje sobie spraw\u0119 - szczeg\u00f3lnie w grach typu crash, kt\u00f3re maj\u0105 tendencj\u0119 do zajmowania wysokich pozycji.<\/p>\n\n\n\n<p><strong>Prawdopodobnie uczciwa weryfikacja<\/strong> - Wiele gier typu crash - zw\u0142aszcza w kasynach kryptowalutowych - wykorzystuje technologi\u0119 provably fair. Oznacza to, \u017ce mo\u017cna matematycznie zweryfikowa\u0107, czy punkt zderzenia dla ka\u017cdej rundy zosta\u0142 okre\u015blony <em>przed<\/em> runda rozpocz\u0119\u0142a si\u0119 i nie zosta\u0142a zmanipulowana. Nasz przewodnik przeprowadzi Ci\u0119 przez proces weryfikacji krok po kroku, z prawdziwymi przyk\u0142adami.<\/p>\n\n\n\n<p><strong>Odpowiedzialny hazard<\/strong> - Gry typu crash s\u0105 zaprojektowane tak, aby by\u0142y szybkie i wci\u0105gaj\u0105ce, co czyni je r\u00f3wnie\u017c ryzykownymi dla graczy, kt\u00f3rzy zmagaj\u0105 si\u0119 z ograniczeniami. Ten przewodnik obejmuje praktyczne narz\u0119dzia: bud\u017cety sesji, limity czasowe, opcje samowykluczenia, znaki ostrzegawcze, \u017ce gra sta\u0142a si\u0119 niezdrowa, oraz gdzie znale\u017a\u0107 wsparcie, je\u015bli go potrzebujesz.<\/p>\n\n\n\n<h3 class=\"wp-block-heading\" id=\"h-who-these-guides-are-for\">Dla kogo przeznaczone s\u0105 te przewodniki<\/h3>\n\n\n\n<p>Nie musisz mie\u0107 wykszta\u0142cenia matematycznego ani do\u015bwiadczenia w grach hazardowych. Te przewodniki s\u0105 napisane dla ka\u017cdego, kto gra w gry typu crash - lub my\u015bli o tym - i chce podejmowa\u0107 \u015bwiadome decyzje. Niezale\u017cnie od tego, czy rozegra\u0142e\u015b tysi\u0105c rund, czy zero, rozpocz\u0119cie od tego miejsca pozwoli ci zaoszcz\u0119dzi\u0107 zamieszania (i by\u0107 mo\u017ce pieni\u0119dzy) p\u00f3\u017aniej.<\/p>\n\n\n<div class=\"wp-block-image\">\n<figure class=\"aligncenter size-large\"><img decoding=\"async\" width=\"1024\" height=\"683\" data-src=\"https:\/\/crash-games.net\/wp-content\/uploads\/2026\/02\/crash-game-learning-center-1024x683.webp\" alt=\"Przyjazny dla pocz\u0105tkuj\u0105cych przewodnik po mechanice gry crash\" class=\"wp-image-353 lazyload\" data-srcset=\"https:\/\/crash-games.net\/wp-content\/uploads\/2026\/02\/crash-game-learning-center-1024x683.webp 1024w, https:\/\/crash-games.net\/wp-content\/uploads\/2026\/02\/crash-game-learning-center-300x200.webp 300w, https:\/\/crash-games.net\/wp-content\/uploads\/2026\/02\/crash-game-learning-center-768x512.webp 768w, https:\/\/crash-games.net\/wp-content\/uploads\/2026\/02\/crash-game-learning-center.webp 1536w\" data-sizes=\"(max-width: 1024px) 100vw, 1024px\" src=\"data:image\/svg+xml;base64,PHN2ZyB3aWR0aD0iMSIgaGVpZ2h0PSIxIiB4bWxucz0iaHR0cDovL3d3dy53My5vcmcvMjAwMC9zdmciPjwvc3ZnPg==\" style=\"--smush-placeholder-width: 1024px; --smush-placeholder-aspect-ratio: 1024\/683;\" \/><\/figure>\n<\/div>\n\n\n<p>Je\u015bli jeste\u015b zupe\u0142nie nowy, zacznij od <a href=\"\/pl\/poradniki\/provably-fair-verification\/\">Prawdopodobnie uczciwa weryfikacja<\/a> - jest to najwa\u017cniejsza koncepcja zaufania w grach typu crash. Nast\u0119pnie przejd\u017a do <a href=\"\/pl\/poradniki\/odpowiedzialna-gra\/\">Odpowiedzialny hazard<\/a> przed rozpocz\u0119ciem gry na prawdziwe pieni\u0105dze.<\/p>\n\n\n\n<h3 class=\"wp-block-heading\" id=\"h-glossary\">Kr\u00f3tki s\u0142owniczek<\/h3>\n\n\n\n<ul class=\"wp-block-list\">\n<li><strong>Mno\u017cnik<\/strong> - Liczba, kt\u00f3ra wzrasta podczas rundy crash. Wyp\u0142a\u0107 pieni\u0105dze przed katastrof\u0105, aby wygra\u0107 zak\u0142ad pomno\u017cony przez mno\u017cnik.<\/li>\n\n\n\n<li><strong>Automatyczna wyp\u0142ata<\/strong> - Ustawienie, kt\u00f3re automatycznie wyp\u0142aca pieni\u0105dze, gdy mno\u017cnik osi\u0105gnie wybrany cel.<\/li>\n\n\n\n<li><strong>Przewaga kasy<\/strong> - Procent ka\u017cdego zak\u0142adu, kt\u00f3ry kasyno zatrzymuje \u015brednio w czasie. Zazwyczaj od 1% do 5% w grach typu crash.<\/li>\n\n\n\n<li><strong>Prawdopodobnie uczciwy<\/strong> - System kryptograficzny, kt\u00f3ry pozwala graczom zweryfikowa\u0107, czy ka\u017cda runda nie zosta\u0142a zmanipulowana.<\/li>\n\n\n\n<li><strong>Wariancja<\/strong> - Naturalne wzloty i upadki wynik\u00f3w kr\u00f3tkoterminowych wok\u00f3\u0142 \u015bredniej d\u0142ugoterminowej (RTP).<\/li>\n\n\n\n<li><strong>Limit sesji<\/strong> - Wst\u0119pnie ustalony bud\u017cet lub ograniczenie czasowe, kt\u00f3re ustalasz przed rozpocz\u0119ciem gry, aby unikn\u0105\u0107 nadmiernych wydatk\u00f3w.<\/li>\n<\/ul>\n\n\n\n<p><em>Gry typu crash charakteryzuj\u0105 si\u0119 wysok\u0105 zmienno\u015bci\u0105, a ich wyniki s\u0105 losowe. Zrozumienie tej mechaniki nie zmieni szans - ale pomo\u017ce ci podejmowa\u0107 lepsze decyzje dotycz\u0105ce tego, jak, kiedy i czy gra\u0107.<\/em><\/p>","protected":false},"excerpt":{"rendered":"<p>Crash games look simple on the surface \u2014 a multiplier goes up, you cash out or you do not. But underneath that simplicity are mechanics that directly affect your experience: RTP determines how much the house keeps over time, volatility shapes how wild your sessions feel, and provably fair lets you check whether a round [&hellip;]<\/p>\n","protected":false},"author":1,"featured_media":351,"parent":0,"menu_order":0,"comment_status":"closed","ping_status":"closed","template":"","meta":{"_acf_changed":false,"footnotes":""},"class_list":["post-349","page","type-page","status-publish","has-post-thumbnail","hentry"],"acf":[],"_links":{"self":[{"href":"https:\/\/crash-games.net\/pl\/wp-json\/wp\/v2\/pages\/349","targetHints":{"allow":["GET"]}}],"collection":[{"href":"https:\/\/crash-games.net\/pl\/wp-json\/wp\/v2\/pages"}],"about":[{"href":"https:\/\/crash-games.net\/pl\/wp-json\/wp\/v2\/types\/page"}],"author":[{"embeddable":true,"href":"https:\/\/crash-games.net\/pl\/wp-json\/wp\/v2\/users\/1"}],"replies":[{"embeddable":true,"href":"https:\/\/crash-games.net\/pl\/wp-json\/wp\/v2\/comments?post=349"}],"version-history":[{"count":2,"href":"https:\/\/crash-games.net\/pl\/wp-json\/wp\/v2\/pages\/349\/revisions"}],"predecessor-version":[{"id":354,"href":"https:\/\/crash-games.net\/pl\/wp-json\/wp\/v2\/pages\/349\/revisions\/354"}],"wp:featuredmedia":[{"embeddable":true,"href":"https:\/\/crash-games.net\/pl\/wp-json\/wp\/v2\/media\/351"}],"wp:attachment":[{"href":"https:\/\/crash-games.net\/pl\/wp-json\/wp\/v2\/media?parent=349"}],"curies":[{"name":"wp","href":"https:\/\/api.w.org\/{rel}","templated":true}]}}