{"id":372,"date":"2026-02-23T18:28:47","date_gmt":"2026-02-23T18:28:47","guid":{"rendered":"https:\/\/crash-games.net\/?page_id=372"},"modified":"2026-02-28T18:24:48","modified_gmt":"2026-02-28T18:24:48","slug":"noteikumi","status":"publish","type":"page","link":"https:\/\/crash-games.net\/lv\/terms\/","title":{"rendered":"Lieto\u0161anas noteikumi"},"content":{"rendered":"<p><strong>P\u0113d\u0113jo reizi atjaunin\u0101ts:<\/strong> 2026. gada febru\u0101ris<\/p>\n\n\n\n<p>Izmantojot Crash-Games.net, j\u016bs piekr\u012btat \u0161\u0101diem noteikumiem. Ja nepiekr\u012btat, l\u016bdzu, nelietojiet \u0161o t\u012bmek\u013ca vietni.<\/p>\n\n\n\n<h3 class=\"wp-block-heading\" id=\"h-what-we-are\">Kas ir \u0161\u012b vietne<\/h3>\n\n\n\n<p>Crash-Games.net ir informat\u012bva t\u012bmek\u013ca vietne, kas pied\u0101v\u0101 strat\u0113\u0123ijas rokasgr\u0101matas, sp\u0113\u013cu skaidrojumus un kazino p\u0101rskatus, kas saist\u012bti ar av\u0101rijas azartsp\u0113l\u0113m. M\u0113s neesam kazino, der\u012bbu platforma vai azartsp\u0113\u013cu operators. M\u0113s nepie\u0146emam likmes, neuzglab\u0101jam l\u012bdzek\u013cus un nesniedzam nek\u0101dus azartsp\u0113\u013cu pakalpojumus.<\/p>\n\n\n\n<h3 class=\"wp-block-heading\" id=\"h-disclaimer\">Atruna<\/h3>\n\n\n\n<p><strong>Nav pe\u013c\u0146as garantijas.<\/strong> Visas \u0161aj\u0101 vietn\u0113 apl\u016bkot\u0101s av\u0101rijas sp\u0113\u013cu strat\u0113\u0123ijas ir paredz\u0113tas tikai informat\u012bviem un izgl\u012btojo\u0161iem m\u0113r\u0137iem. Crash sp\u0113les ir azartsp\u0113les ar nejau\u0161iem izn\u0101kumiem. Neviena strat\u0113\u0123ija, sist\u0113ma vai pieeja nevar garant\u0113t pe\u013c\u0146u vai p\u0101rvar\u0113t kazino priek\u0161roc\u012bbas ilgtermi\u0146\u0101.<\/p>\n\n\n\n<p><strong>Sp\u0113l\u0113jiet uz savu risku.<\/strong> Jebkur\u0161 l\u0113mums sp\u0113l\u0113t ir j\u016bsu person\u012bg\u0101 atbild\u012bba. M\u0113s neesam atbild\u012bgi par jebk\u0101diem zaud\u0113jumiem, kas radu\u0161ies, sp\u0113l\u0113jot azartsp\u0113les kazino, uz kuriem ir saites no \u0161\u012bs vietnes.<\/p>\n\n\n\n<h3 class=\"wp-block-heading\" id=\"h-affiliate-disclosure\">Partneru inform\u0101cijas atkl\u0101\u0161ana<\/h3>\n\n\n\n<p>Crash-Games.net piedal\u0101s tie\u0161saistes kazino partneru programm\u0101s. Ja j\u016bs noklik\u0161\u0137in\u0101t uz kazino saites un re\u0123istr\u0113jaties vai veicat iemaksu, m\u0113s varam sa\u0146emt komisijas maksu. Tas jums neko papildus nemaks\u0101 un neietekm\u0113 m\u016bsu redakcion\u0101lo saturu.<\/p>\n\n\n\n<h3 class=\"wp-block-heading\" id=\"h-accuracy\">Inform\u0101cijas precizit\u0101te<\/h3>\n\n\n\n<p>M\u0113s dar\u0101m visu iesp\u0113jamo, lai m\u016bsu saturs b\u016btu prec\u012bzs un atjaunin\u0101ts. Tom\u0113r bonusu noteikumi, sp\u0113\u013cu pieejam\u012bba un kazino noteikumi var main\u012bties bez iepriek\u0161\u0113ja br\u012bdin\u0101juma. Pirms izmantot jebkuru pied\u0101v\u0101jumu vai veikt iemaksu, vienm\u0113r p\u0101rbaudiet sp\u0113k\u0101 eso\u0161os noteikumus tie\u0161i kazino.<\/p>\n\n\n\n<h3 class=\"wp-block-heading\" id=\"h-age-restriction\">Vecuma ierobe\u017eojums<\/h3>\n\n\n\n<p>\u0160\u012b vietne ir paredz\u0113ta tikai pieaugu\u0161ajiem. Lai izmantotu \u0161o vietni, jums j\u0101b\u016bt vismaz 18 gadus vecam (vai j\u016bsu jurisdikcij\u0101 noteiktaj\u0101 azartsp\u0113\u013cu vecum\u0101). Ja j\u016bsu re\u0123ion\u0101 tie\u0161saistes azartsp\u0113les ir nelikum\u012bgas, neizmantojiet \u0161o vietni.<\/p>\n\n\n\n<h3 class=\"wp-block-heading\" id=\"h-intellectual-property\">Intelektu\u0101lais \u012bpa\u0161ums<\/h3>\n\n\n\n<p>Viss Crash-Games.net saturs, tostarp teksts, att\u0113li, grafikas un dizains, ir m\u016bsu \u012bpa\u0161ums vai izmantots ar m\u016bsu at\u013cauju. J\u016bs nedr\u012bkstat reproduc\u0113t, izplat\u012bt vai p\u0101rpublic\u0113t m\u016bsu saturu bez rakstiskas piekri\u0161anas.<\/p>\n\n\n\n<h3 class=\"wp-block-heading\" id=\"h-limitation\">Atbild\u012bbas ierobe\u017eo\u0161ana<\/h3>\n\n\n\n<p>Crash-Games.net tiek nodro\u0161in\u0101ts \u201ct\u0101ds, k\u0101ds ir\u201d, bez jebk\u0101d\u0101m garantij\u0101m. M\u0113s neesam atbild\u012bgi par jebk\u0101diem tie\u0161iem, netie\u0161iem vai izrieto\u0161iem zaud\u0113jumiem, kas radu\u0161ies, lietojot \u0161o t\u012bmek\u013ca vietni vai jebkuras saist\u012btas tre\u0161o personu t\u012bmek\u013ca vietnes.<\/p>\n\n\n\n<p>Jaut\u0101jumi par \u0161iem terminiem? Sazinieties ar mums <strong>kontaktinform\u0101cija@<a href=\"http:\/\/crash-games.net\/lv\/\" data-type=\"link\" data-id=\"crash-games.net\">crash-games.net<\/a><\/strong><\/p>\n\n\n\n<p><\/p>","protected":false},"excerpt":{"rendered":"<p>Last updated: February 2026 By using Crash-Games.net, you agree to the following terms. If you do not agree, please do not use this website. What This Website Is Crash-Games.net is an informational website that provides strategy guides, game explanations, and casino reviews related to crash gambling games. We are not a casino, betting platform, or [&hellip;]<\/p>\n","protected":false},"author":1,"featured_media":0,"parent":0,"menu_order":0,"comment_status":"closed","ping_status":"closed","template":"","meta":{"_acf_changed":false,"footnotes":""},"class_list":["post-372","page","type-page","status-publish","hentry"],"acf":[],"_links":{"self":[{"href":"https:\/\/crash-games.net\/lv\/wp-json\/wp\/v2\/pages\/372","targetHints":{"allow":["GET"]}}],"collection":[{"href":"https:\/\/crash-games.net\/lv\/wp-json\/wp\/v2\/pages"}],"about":[{"href":"https:\/\/crash-games.net\/lv\/wp-json\/wp\/v2\/types\/page"}],"author":[{"embeddable":true,"href":"https:\/\/crash-games.net\/lv\/wp-json\/wp\/v2\/users\/1"}],"replies":[{"embeddable":true,"href":"https:\/\/crash-games.net\/lv\/wp-json\/wp\/v2\/comments?post=372"}],"version-history":[{"count":2,"href":"https:\/\/crash-games.net\/lv\/wp-json\/wp\/v2\/pages\/372\/revisions"}],"predecessor-version":[{"id":687,"href":"https:\/\/crash-games.net\/lv\/wp-json\/wp\/v2\/pages\/372\/revisions\/687"}],"wp:attachment":[{"href":"https:\/\/crash-games.net\/lv\/wp-json\/wp\/v2\/media?parent=372"}],"curies":[{"name":"wp","href":"https:\/\/api.w.org\/{rel}","templated":true}]}}