{"id":374,"date":"2026-02-23T18:29:45","date_gmt":"2026-02-23T18:29:45","guid":{"rendered":"https:\/\/crash-games.net\/?page_id=374"},"modified":"2026-02-23T18:41:31","modified_gmt":"2026-02-23T18:41:31","slug":"jeu-responsable","status":"publish","type":"page","link":"https:\/\/crash-games.net\/fr\/guides\/responsible-gambling\/","title":{"rendered":"Jeu responsable - Garder le contr\u00f4le"},"content":{"rendered":"<p>Les jeux de collision sont con\u00e7us pour \u00eatre rapides, excitants et captivants. C'est ce qui les rend amusants, mais aussi risqu\u00e9s si vous jouez sans limites. La rapidit\u00e9 de chaque tour, les \u00e9checs \u00e9vit\u00e9s de justesse, la tentation de chercher \u00e0 gagner une fois de plus - ce sont des caract\u00e9ristiques, pas des bogues. Elles vous permettent de continuer \u00e0 jouer.<\/p>\n\n\n\n<p>Cette page n'est pas l\u00e0 pour vous faire la le\u00e7on. Elle est l\u00e0 pour vous donner des outils pratiques et des informations honn\u00eates afin que vous puissiez profiter des jeux de crash sans qu'ils ne deviennent un probl\u00e8me.<\/p>\n\n\n\n<h3 class=\"wp-block-heading\" id=\"h-set-limits-before-you-play\">Fixer des limites avant de jouer<\/h3>\n\n\n\n<p>Le moment le plus efficace pour fixer des limites est <em>avant<\/em> vous commencez une session - pas pendant. Une fois que vous \u00eates en train de jouer, les \u00e9motions prennent le dessus et \u201cjuste un tour de plus\u201d devient la r\u00e8gle par d\u00e9faut.<\/p>\n\n\n\n<ul class=\"wp-block-list\">\n<li><strong>Budget de la session<\/strong> - D\u00e9terminez exactement le montant d'argent que vous \u00eates pr\u00eat \u00e0 perdre aujourd'hui. Lorsqu'il n'y en a plus, arr\u00eatez-vous. Il n'y a pas d'exception.<\/li>\n\n\n\n<li><strong>D\u00e9lai<\/strong> - R\u00e9glez un minuteur sur votre t\u00e9l\u00e9phone. Les crashs rounds sont rapides et une heure peut s'\u00e9couler sans que vous vous en rendiez compte.<\/li>\n\n\n\n<li><strong>R\u00e8gle du stop-loss<\/strong> - Si vous perdez un pourcentage d\u00e9termin\u00e9 de votre budget de session (par exemple, 50%), arr\u00eatez de jouer. N'essayez pas de le r\u00e9cup\u00e9rer.<\/li>\n\n\n\n<li><strong>R\u00e8gle du gagnant-gagnant<\/strong> - Si vous avez gagn\u00e9 un certain montant, encaissez et partez. Les s\u00e9ries de gains ne durent pas - elles sont al\u00e9atoires.<\/li>\n<\/ul>\n\n\n\n<p>De nombreux casinos proposent des outils int\u00e9gr\u00e9s pour les limites de d\u00e9p\u00f4t, les limites de perte, les limites de temps de session et les p\u00e9riodes de r\u00e9flexion. Utilisez-les. Ils existent parce qu'ils fonctionnent.<\/p>\n\n\n\n<h3 class=\"wp-block-heading\" id=\"h-warning-signs\">Signes avant-coureurs d'un jeu malsain<\/h3>\n\n\n\n<p>Tous les joueurs qui perdent de l'argent n'ont pas forc\u00e9ment un probl\u00e8me de jeu. Mais si vous reconnaissez plusieurs de ces sch\u00e9mas chez vous, cela vaut la peine de prendre un peu de recul :<\/p>\n\n\n\n<ul class=\"wp-block-list\">\n<li>Vous d\u00e9pensez plus d'argent que vous ne l'aviez pr\u00e9vu - r\u00e9guli\u00e8rement, et pas seulement une fois<\/li>\n\n\n\n<li>Vous courez apr\u00e8s les pertes, en vous disant que vous arr\u00eaterez une fois que vous aurez atteint le seuil de rentabilit\u00e9\u201c<\/li>\n\n\n\n<li>Vous vous sentez anxieux, irritable ou agit\u00e9 lorsque vous ne jouez pas.<\/li>\n\n\n\n<li>Vous cachez le temps et l'argent que vous consacrez aux jeux d'argent.<\/li>\n\n\n\n<li>Vous empruntez de l'argent ou utilisez des fonds destin\u00e9s \u00e0 payer des factures, le loyer ou des biens de premi\u00e8re n\u00e9cessit\u00e9.<\/li>\n\n\n\n<li>Vous pensez constamment au jeu, m\u00eame au travail ou dans des situations sociales.<\/li>\n\n\n\n<li>Vous vous sentez incapable d'arr\u00eater m\u00eame si vous le souhaitez<\/li>\n\n\n\n<li>Le gain n'est plus satisfaisant - vous avez imm\u00e9diatement envie de parier \u00e0 nouveau.<\/li>\n<\/ul>\n\n\n\n<p>Si tout cela vous semble familier, n'h\u00e9sitez pas \u00e0 vous adresser \u00e0 un organisme de soutien. Il n'y a pas de honte \u00e0 demander de l'aide.<\/p>\n\n\n\n<h3 class=\"wp-block-heading\" id=\"h-self-exclusion\">Outils d'auto-exclusion<\/h3>\n\n\n\n<p>La plupart des casinos en ligne agr\u00e9\u00e9s proposent des options d'auto-exclusion qui vous permettent de vous exclure de la plateforme pendant une p\u00e9riode d\u00e9termin\u00e9e - g\u00e9n\u00e9ralement de 24 heures \u00e0 plusieurs mois ou de fa\u00e7on permanente. Recherchez cette option dans les param\u00e8tres de votre compte ou contactez l'\u00e9quipe d'assistance du casino.<\/p>\n\n\n\n<p>Des outils tiers tels que <strong>GamStop<\/strong> (ROYAUME-UNI), <strong>OASIS<\/strong> (Allemagne), ou <strong>Spelpaus<\/strong> (Su\u00e8de) vous permettent de vous auto-exclure aupr\u00e8s de plusieurs op\u00e9rateurs \u00e0 la fois. V\u00e9rifiez ce qui est disponible dans votre r\u00e9gion.<\/p>\n\n\n\n<h3 class=\"wp-block-heading\" id=\"h-support-resources\">Ressources de soutien<\/h3>\n\n\n\n<p>Si vous ou une personne que vous connaissez avez besoin d'aide pour r\u00e9soudre un probl\u00e8me de jeu, ces organisations vous offrent un soutien gratuit et confidentiel :<\/p>\n\n\n\n<ul class=\"wp-block-list\">\n<li><strong>Joueurs anonymes<\/strong> \u2014 <a href=\"https:\/\/www.gamblersanonymous.org\/\" target=\"_blank\" rel=\"noopener\">gamblersanonymous.org<\/a> (international)<\/li>\n\n\n\n<li><strong>Soyez vigilants<\/strong> \u2014 <a href=\"https:\/\/www.begambleaware.org\/\" target=\"_blank\" rel=\"noopener\">begambleaware.org<\/a> (bas\u00e9 au Royaume-Uni, mais les ressources sont disponibles dans le monde entier)<\/li>\n\n\n\n<li><strong>Conseil national sur le jeu excessif<\/strong> \u2014 <a href=\"https:\/\/www.ncpgambling.org\/\" target=\"_blank\" rel=\"noopener\">ncpgambling.org<\/a> (US)<\/li>\n\n\n\n<li><strong>GamCare<\/strong> \u2014 <a href=\"https:\/\/www.gamcare.org.uk\/\" target=\"_blank\" rel=\"noopener\">gamcare.org.uk<\/a> (ROYAUME-UNI)<\/li>\n<\/ul>\n\n\n\n<h3 class=\"wp-block-heading\" id=\"h-why-crash-games-carry-extra-risk\">Pourquoi les Crash Games comportent-ils un risque suppl\u00e9mentaire ?<\/h3>\n\n\n\n<p>Les jeux de simulation ne sont pas plus \u201cdangereux\u201d que les autres jeux de casino de par leur conception, mais leur format cr\u00e9e des facteurs de risque sp\u00e9cifiques :<\/p>\n\n\n\n<ul class=\"wp-block-list\">\n<li><strong>Vitesse<\/strong> - Les rounds durent quelques secondes et non quelques minutes. Vous pouvez placer des dizaines de paris en tr\u00e8s peu de temps.<\/li>\n\n\n\n<li><strong>Les accidents \u00e9vit\u00e9s de justesse<\/strong> - Regarder un multiplicateur s'effondrer \u00e0 1,95x alors que votre objectif \u00e9tait de 2,0x cr\u00e9e une forte envie de \u201cr\u00e9essayer tout de suite\u201d.\u201d<\/li>\n\n\n\n<li><strong>L'illusion du contr\u00f4le<\/strong> - Le bouton d'encaissement donne l'impression que la comp\u00e9tence compte. Il ne modifie pas les probabilit\u00e9s.<\/li>\n\n\n\n<li><strong>Boucles d'auto-bet<\/strong> - Les fonctions de mise automatique peuvent acc\u00e9l\u00e9rer les pertes si les limites ne sont pas correctement fix\u00e9es.<\/li>\n<\/ul>\n\n\n\n<p>Comprendre ces facteurs de risque ne vous immunise pas contre eux. Cela signifie simplement que vous pouvez les pr\u00e9voir - avec des limites de session, des r\u00e8gles de stop-loss et l'honn\u00eatet\u00e9 de vous retirer lorsque le plan vous le demande.<\/p>\n\n\n\n<h3 class=\"wp-block-heading\" id=\"h-our-commitment\">Notre engagement<\/h3>\n\n\n\n<p>Crash-Games.net inclut un rappel sur le jeu responsable dans chaque guide de strat\u00e9gie que nous publions. Nous ne promettons jamais de gains, ne faisons jamais la promotion de \u201csyst\u00e8mes garantis\u201d et n'encourageons jamais les joueurs \u00e0 parier plus qu'ils ne peuvent se le permettre. Si notre contenu vous incite \u00e0 jouer, c'est que quelque chose n'a pas fonctionn\u00e9, et nous voulons le savoir.<\/p>\n\n\n\n<p><em>Le jeu doit \u00eatre un divertissement et non une strat\u00e9gie financi\u00e8re. Si le jeu cesse d'\u00eatre amusant, arr\u00eatez de jouer.<\/em><\/p>\n\n\n\n<p>Contactez nous : <strong>contact@crash-games.net<\/strong><\/p>\n\n\n\n<p><\/p>","protected":false},"excerpt":{"rendered":"<p>Crash games are designed to be fast, exciting, and engaging. That is what makes them fun \u2014 and also what makes them risky if you play without limits. The speed of each round, the near-misses, the temptation to chase one more win \u2014 these are features, not bugs. They keep you playing. This page is [&hellip;]<\/p>\n","protected":false},"author":1,"featured_media":0,"parent":349,"menu_order":0,"comment_status":"closed","ping_status":"closed","template":"","meta":{"_acf_changed":false,"footnotes":""},"class_list":["post-374","page","type-page","status-publish","hentry"],"acf":[],"_links":{"self":[{"href":"https:\/\/crash-games.net\/fr\/wp-json\/wp\/v2\/pages\/374","targetHints":{"allow":["GET"]}}],"collection":[{"href":"https:\/\/crash-games.net\/fr\/wp-json\/wp\/v2\/pages"}],"about":[{"href":"https:\/\/crash-games.net\/fr\/wp-json\/wp\/v2\/types\/page"}],"author":[{"embeddable":true,"href":"https:\/\/crash-games.net\/fr\/wp-json\/wp\/v2\/users\/1"}],"replies":[{"embeddable":true,"href":"https:\/\/crash-games.net\/fr\/wp-json\/wp\/v2\/comments?post=374"}],"version-history":[{"count":1,"href":"https:\/\/crash-games.net\/fr\/wp-json\/wp\/v2\/pages\/374\/revisions"}],"predecessor-version":[{"id":375,"href":"https:\/\/crash-games.net\/fr\/wp-json\/wp\/v2\/pages\/374\/revisions\/375"}],"up":[{"embeddable":true,"href":"https:\/\/crash-games.net\/fr\/wp-json\/wp\/v2\/pages\/349"}],"wp:attachment":[{"href":"https:\/\/crash-games.net\/fr\/wp-json\/wp\/v2\/media?parent=374"}],"curies":[{"name":"wp","href":"https:\/\/api.w.org\/{rel}","templated":true}]}}