{"id":374,"date":"2026-02-23T18:29:45","date_gmt":"2026-02-23T18:29:45","guid":{"rendered":"https:\/\/crash-games.net\/?page_id=374"},"modified":"2026-02-23T18:41:31","modified_gmt":"2026-02-23T18:41:31","slug":"juego-responsable","status":"publish","type":"page","link":"https:\/\/crash-games.net\/es\/guides\/responsible-gambling\/","title":{"rendered":"Juego responsable: mantenga el control"},"content":{"rendered":"<p>Los juegos de choque est\u00e1n dise\u00f1ados para ser r\u00e1pidos, emocionantes y atractivos. Eso es lo que los hace divertidos - y tambi\u00e9n lo que los hace arriesgados si juegas sin l\u00edmites. La velocidad de cada ronda, los fallos por poco, la tentaci\u00f3n de perseguir una victoria m\u00e1s... son caracter\u00edsticas, no errores. Hacen que sigas jugando.<\/p>\n\n\n\n<p>Esta p\u00e1gina no est\u00e1 aqu\u00ed para darte lecciones. Est\u00e1 aqu\u00ed para darte herramientas pr\u00e1cticas e informaci\u00f3n honesta para que puedas disfrutar de los juegos de choque sin que se conviertan en un problema.<\/p>\n\n\n\n<h3 class=\"wp-block-heading\" id=\"h-set-limits-before-you-play\">Pon l\u00edmites antes de jugar<\/h3>\n\n\n\n<p>El momento m\u00e1s eficaz para establecer l\u00edmites es <em>antes de<\/em> al inicio de una sesi\u00f3n, no durante la misma. Cuando est\u00e1s jugando, las emociones se apoderan de ti y el \u201cs\u00f3lo una ronda m\u00e1s\u201d se convierte en la norma.<\/p>\n\n\n\n<ul class=\"wp-block-list\">\n<li><strong>Presupuesto de la sesi\u00f3n<\/strong> - Decida exactamente cu\u00e1nto dinero est\u00e1 dispuesto a perder hoy. Cuando se acabe, pare. Sin excepciones.<\/li>\n\n\n\n<li><strong>L\u00edmite de tiempo<\/strong> - Pon un cron\u00f3metro en tu tel\u00e9fono. Las rondas de choque son r\u00e1pidas y puede pasar una hora sin que te des cuenta.<\/li>\n\n\n\n<li><strong>Regla de limitaci\u00f3n de p\u00e9rdidas<\/strong> - Si pierdes un porcentaje determinado de tu presupuesto de sesi\u00f3n (por ejemplo, 50%), deja de jugar. No intente recuperarlo.<\/li>\n\n\n\n<li><strong>Regla \"stop-win<\/strong> - Si gana por una cantidad determinada, retire el dinero y m\u00e1rchese. Las rachas ganadoras no duran, son aleatorias.<\/li>\n<\/ul>\n\n\n\n<p>Muchos casinos ofrecen herramientas integradas para l\u00edmites de dep\u00f3sito, l\u00edmites de p\u00e9rdidas, l\u00edmites de tiempo de sesi\u00f3n y periodos de reflexi\u00f3n. Util\u00edcelas. Existen porque funcionan.<\/p>\n\n\n\n<h3 class=\"wp-block-heading\" id=\"h-warning-signs\">Se\u00f1ales de advertencia de que el juego se ha vuelto insano<\/h3>\n\n\n\n<p>No todos los jugadores que pierden dinero tienen un problema con el juego. Pero si reconoces varios de estos patrones en ti mismo, merece la pena dar un paso atr\u00e1s:<\/p>\n\n\n\n<ul class=\"wp-block-list\">\n<li>Gasta m\u00e1s dinero del previsto, con regularidad, no s\u00f3lo una vez.<\/li>\n\n\n\n<li>Persigues las p\u00e9rdidas, dici\u00e9ndote a ti mismo que parar\u00e1s cuando \u201calcances el punto de equilibrio\u201d.\u201d<\/li>\n\n\n\n<li>Se siente ansioso, irritable o inquieto cuando no est\u00e1 jugando<\/li>\n\n\n\n<li>Ocultas cu\u00e1nto tiempo o dinero dedicas al juego<\/li>\n\n\n\n<li>Pides dinero prestado o utilizas fondos destinados a facturas, alquiler o art\u00edculos de primera necesidad.<\/li>\n\n\n\n<li>Piensa constantemente en el juego, incluso en situaciones laborales o sociales.<\/li>\n\n\n\n<li>Te sientes incapaz de parar aunque quieras<\/li>\n\n\n\n<li>Ganar ya no le satisface: inmediatamente quiere volver a apostar.<\/li>\n<\/ul>\n\n\n\n<p>Si algo de esto le resulta familiar, considere la posibilidad de acudir a una organizaci\u00f3n de apoyo. No es ninguna verg\u00fcenza pedir ayuda.<\/p>\n\n\n\n<h3 class=\"wp-block-heading\" id=\"h-self-exclusion\">Herramientas de autoexclusi\u00f3n<\/h3>\n\n\n\n<p>La mayor\u00eda de los casinos online con licencia ofrecen opciones de autoexclusi\u00f3n que le permiten bloquearse de la plataforma durante un periodo determinado, normalmente de 24 horas a varios meses o de forma permanente. Busca esta opci\u00f3n en la configuraci\u00f3n de tu cuenta o ponte en contacto con el equipo de asistencia del casino.<\/p>\n\n\n\n<p>Herramientas de terceros como <strong>GamStop<\/strong> (REINO UNIDO), <strong>OASIS<\/strong> (Alemania), o <strong>Spelpaus<\/strong> (Suecia) le permiten autoexcluirse en varios operadores a la vez. Comprueba qu\u00e9 hay disponible en tu regi\u00f3n.<\/p>\n\n\n\n<h3 class=\"wp-block-heading\" id=\"h-support-resources\">Recursos de apoyo<\/h3>\n\n\n\n<p>Si usted o alguien que conoce necesita ayuda con la ludopat\u00eda, estas organizaciones ofrecen apoyo gratuito y confidencial:<\/p>\n\n\n\n<ul class=\"wp-block-list\">\n<li><strong>Jugadores An\u00f3nimos<\/strong> \u2014 <a href=\"https:\/\/www.gamblersanonymous.org\/\" target=\"_blank\" rel=\"noopener\">jugadoresanonimos.org<\/a> (internacional)<\/li>\n\n\n\n<li><strong>BeGambleAware<\/strong> \u2014 <a href=\"https:\/\/www.begambleaware.org\/\" target=\"_blank\" rel=\"noopener\">begambleaware.org<\/a> (Con sede en el Reino Unido, pero con recursos disponibles en todo el mundo)<\/li>\n\n\n\n<li><strong>Consejo Nacional sobre Problemas de Juego<\/strong> \u2014 <a href=\"https:\/\/www.ncpgambling.org\/\" target=\"_blank\" rel=\"noopener\">ncpgambling.org<\/a> (US)<\/li>\n\n\n\n<li><strong>GamCare<\/strong> \u2014 <a href=\"https:\/\/www.gamcare.org.uk\/\" target=\"_blank\" rel=\"noopener\">gamcare.org.uk<\/a> (REINO UNIDO)<\/li>\n<\/ul>\n\n\n\n<h3 class=\"wp-block-heading\" id=\"h-why-crash-games-carry-extra-risk\">Por qu\u00e9 los juegos de choque entra\u00f1an un riesgo adicional<\/h3>\n\n\n\n<p>Los juegos de choque no son m\u00e1s \u201cpeligrosos\u201d que otros juegos de casino por su dise\u00f1o, pero su formato crea factores de riesgo espec\u00edficos:<\/p>\n\n\n\n<ul class=\"wp-block-list\">\n<li><strong>Velocidad<\/strong> - Las rondas duran segundos, no minutos. Puedes hacer docenas de apuestas en muy poco tiempo.<\/li>\n\n\n\n<li><strong>Casi accidentes<\/strong> - Ver un multiplicador estrellarse a 1,95x cuando tu objetivo era 2,0x crea una fuerte necesidad de \u201cvolver a intentarlo ahora mismo\u201d.\u201d<\/li>\n\n\n\n<li><strong>Ilusi\u00f3n de control<\/strong> - El bot\u00f3n de cobro hace que parezca que la habilidad importa. No cambia las probabilidades.<\/li>\n\n\n\n<li><strong>Bucles de apuesta autom\u00e1tica<\/strong> - Las funciones de apuesta autom\u00e1tica pueden acelerar las p\u00e9rdidas si los l\u00edmites no est\u00e1n bien fijados.<\/li>\n<\/ul>\n\n\n\n<p>Comprender estos factores de riesgo no le hace inmune a ellos. S\u00f3lo significa que puede planificar para ellos, con l\u00edmites de sesi\u00f3n, reglas de stop-loss y la honestidad de retirarse cuando el plan lo indique.<\/p>\n\n\n\n<h3 class=\"wp-block-heading\" id=\"h-our-commitment\">Nuestro compromiso<\/h3>\n\n\n\n<p>Crash-Games.net incluye un recordatorio de juego responsable en cada gu\u00eda de estrategia que publicamos. Nunca prometemos ganancias, nunca promocionamos \u201csistemas garantizados\u201d y nunca animamos a los jugadores a apostar m\u00e1s de lo que pueden permitirse. Si alguna vez nuestro contenido te hace sentir presionado a apostar, algo ha ido mal, y queremos saberlo.<\/p>\n\n\n\n<p><em>El juego debe ser un entretenimiento, no una estrategia financiera. Si deja de ser divertido, deja de jugar.<\/em><\/p>\n\n\n\n<p>P\u00f3ngase en contacto con nosotros: <strong>contact@crash-games.net<\/strong><\/p>\n\n\n\n<p><\/p>","protected":false},"excerpt":{"rendered":"<p>Crash games are designed to be fast, exciting, and engaging. That is what makes them fun \u2014 and also what makes them risky if you play without limits. The speed of each round, the near-misses, the temptation to chase one more win \u2014 these are features, not bugs. They keep you playing. This page is [&hellip;]<\/p>\n","protected":false},"author":1,"featured_media":0,"parent":349,"menu_order":0,"comment_status":"closed","ping_status":"closed","template":"","meta":{"_acf_changed":false,"footnotes":""},"class_list":["post-374","page","type-page","status-publish","hentry"],"acf":[],"_links":{"self":[{"href":"https:\/\/crash-games.net\/es\/wp-json\/wp\/v2\/pages\/374","targetHints":{"allow":["GET"]}}],"collection":[{"href":"https:\/\/crash-games.net\/es\/wp-json\/wp\/v2\/pages"}],"about":[{"href":"https:\/\/crash-games.net\/es\/wp-json\/wp\/v2\/types\/page"}],"author":[{"embeddable":true,"href":"https:\/\/crash-games.net\/es\/wp-json\/wp\/v2\/users\/1"}],"replies":[{"embeddable":true,"href":"https:\/\/crash-games.net\/es\/wp-json\/wp\/v2\/comments?post=374"}],"version-history":[{"count":1,"href":"https:\/\/crash-games.net\/es\/wp-json\/wp\/v2\/pages\/374\/revisions"}],"predecessor-version":[{"id":375,"href":"https:\/\/crash-games.net\/es\/wp-json\/wp\/v2\/pages\/374\/revisions\/375"}],"up":[{"embeddable":true,"href":"https:\/\/crash-games.net\/es\/wp-json\/wp\/v2\/pages\/349"}],"wp:attachment":[{"href":"https:\/\/crash-games.net\/es\/wp-json\/wp\/v2\/media?parent=374"}],"curies":[{"name":"wp","href":"https:\/\/api.w.org\/{rel}","templated":true}]}}