{"id":349,"date":"2026-02-23T17:39:41","date_gmt":"2026-02-23T17:39:41","guid":{"rendered":"https:\/\/crash-games.net\/?page_id=349"},"modified":"2026-02-23T17:39:44","modified_gmt":"2026-02-23T17:39:44","slug":"guias","status":"publish","type":"page","link":"https:\/\/crash-games.net\/es\/guides\/","title":{"rendered":"Gu\u00edas de juegos Crash - Entender el juego antes de jugar"},"content":{"rendered":"<p>Los juegos de choque parecen sencillos a primera vista: sube un multiplicador, cobras o no cobras. Pero bajo esa simplicidad hay mecanismos que afectan directamente a tu experiencia: RTP determina cu\u00e1nto se queda la casa a lo largo del tiempo, la volatilidad determina lo salvajes que pueden llegar a ser tus sesiones, y provably fair te permite comprobar si una ronda ha sido leg\u00edtima.<\/p>\n\n\n\n<p>La mayor\u00eda de los sitios de casinos ocultan esta informaci\u00f3n en letra peque\u00f1a o la omiten por completo. Creemos que los jugadores se merecen algo mejor. Todas las gu\u00edas de esta secci\u00f3n est\u00e1n escritas en un lenguaje sencillo para quienes quieren entender lo que ocurre realmente cuando juegan, sin jerga.<\/p>\n\n\n<div class=\"wp-block-image\">\n<figure class=\"aligncenter size-large\"><img decoding=\"async\" width=\"1024\" height=\"683\" data-src=\"https:\/\/crash-games.net\/wp-content\/uploads\/2026\/02\/crash-game-rtp-explained-1024x683.webp\" alt=\"Gr\u00e1fico sencillo que explica el RTP y la ventaja de la casa en los juegos de choque\" class=\"wp-image-352 lazyload\" data-srcset=\"https:\/\/crash-games.net\/wp-content\/uploads\/2026\/02\/crash-game-rtp-explained-1024x683.webp 1024w, https:\/\/crash-games.net\/wp-content\/uploads\/2026\/02\/crash-game-rtp-explained-300x200.webp 300w, https:\/\/crash-games.net\/wp-content\/uploads\/2026\/02\/crash-game-rtp-explained-768x512.webp 768w, https:\/\/crash-games.net\/wp-content\/uploads\/2026\/02\/crash-game-rtp-explained.webp 1536w\" data-sizes=\"(max-width: 1024px) 100vw, 1024px\" src=\"data:image\/svg+xml;base64,PHN2ZyB3aWR0aD0iMSIgaGVpZ2h0PSIxIiB4bWxucz0iaHR0cDovL3d3dy53My5vcmcvMjAwMC9zdmciPjwvc3ZnPg==\" style=\"--smush-placeholder-width: 1024px; --smush-placeholder-aspect-ratio: 1024\/683;\" \/><\/figure>\n<\/div>\n\n\n<h3 class=\"wp-block-heading\" id=\"h-available-guides\">Gu\u00edas disponibles<\/h3>\n\n\n\n<p><strong>Explicaci\u00f3n del RTP<\/strong> - RTP son las siglas de Return to Player (Retorno al jugador), y le indica el porcentaje te\u00f3rico de apuestas que devuelve un juego en un n\u00famero muy elevado de rondas. Un juego de choque con 97% RTP significa que, de media, $3 de cada $100 apostados van a la casa. Pero \u201cde media\u201d no significa \u201cen cada sesi\u00f3n\u201d, y esa es la parte que la mayor\u00eda de la gente malinterpreta.<\/p>\n\n\n\n<p><strong>Explicaci\u00f3n de la volatilidad<\/strong> - Dos juegos pueden tener el mismo RTP pero sentirse completamente diferentes. Uno puede pagar peque\u00f1as cantidades con frecuencia, mientras que otro paga raramente pero en grandes cantidades. La volatilidad describe esa diferencia, y es mucho m\u00e1s importante para la experiencia de la sesi\u00f3n de lo que la mayor\u00eda de los jugadores creen, especialmente en los juegos de choque, que tienden a situarse en el extremo superior.<\/p>\n\n\n\n<p><strong>Verificaci\u00f3n razonablemente justa<\/strong> - Muchos juegos de choque - especialmente en los criptocasinos - utilizan tecnolog\u00eda demostrablemente justa. Esto significa que usted puede verificar matem\u00e1ticamente que el punto de colisi\u00f3n para cada ronda se determin\u00f3 <em>antes de<\/em> la ronda comenz\u00f3 y no fue manipulada. Nuestra gu\u00eda te gu\u00eda paso a paso por el proceso de verificaci\u00f3n, con ejemplos reales.<\/p>\n\n\n\n<p><strong>Juego responsable<\/strong> - Los juegos de choque est\u00e1n dise\u00f1ados para ser r\u00e1pidos y atractivos, lo que tambi\u00e9n los convierte en juegos de alto riesgo para los jugadores que luchan contra los l\u00edmites. Esta gu\u00eda incluye herramientas pr\u00e1cticas: presupuestos de sesiones, l\u00edmites de tiempo, opciones de autoexclusi\u00f3n, se\u00f1ales de advertencia de que el juego se ha vuelto poco saludable y d\u00f3nde encontrar apoyo si lo necesitas.<\/p>\n\n\n\n<h3 class=\"wp-block-heading\" id=\"h-who-these-guides-are-for\">A qui\u00e9n van dirigidas estas gu\u00edas<\/h3>\n\n\n\n<p>No es necesario ser licenciado en matem\u00e1ticas ni tener experiencia en juegos de azar. Estas gu\u00edas est\u00e1n escritas para cualquiera que juegue a juegos de choque - o est\u00e9 pensando en hacerlo - y quiera tomar decisiones informadas. Tanto si has jugado mil rondas como si no, empezar por aqu\u00ed te ahorrar\u00e1 confusiones (y posiblemente dinero) m\u00e1s adelante.<\/p>\n\n\n<div class=\"wp-block-image\">\n<figure class=\"aligncenter size-large\"><img decoding=\"async\" width=\"1024\" height=\"683\" data-src=\"https:\/\/crash-games.net\/wp-content\/uploads\/2026\/02\/crash-game-learning-center-1024x683.webp\" alt=\"Gu\u00eda para principiantes sobre la mec\u00e1nica de los juegos de choque\" class=\"wp-image-353 lazyload\" data-srcset=\"https:\/\/crash-games.net\/wp-content\/uploads\/2026\/02\/crash-game-learning-center-1024x683.webp 1024w, https:\/\/crash-games.net\/wp-content\/uploads\/2026\/02\/crash-game-learning-center-300x200.webp 300w, https:\/\/crash-games.net\/wp-content\/uploads\/2026\/02\/crash-game-learning-center-768x512.webp 768w, https:\/\/crash-games.net\/wp-content\/uploads\/2026\/02\/crash-game-learning-center.webp 1536w\" data-sizes=\"(max-width: 1024px) 100vw, 1024px\" src=\"data:image\/svg+xml;base64,PHN2ZyB3aWR0aD0iMSIgaGVpZ2h0PSIxIiB4bWxucz0iaHR0cDovL3d3dy53My5vcmcvMjAwMC9zdmciPjwvc3ZnPg==\" style=\"--smush-placeholder-width: 1024px; --smush-placeholder-aspect-ratio: 1024\/683;\" \/><\/figure>\n<\/div>\n\n\n<p>Si es completamente nuevo, empiece por <a href=\"\/es\/guias\/provably-fair-verification\/\">Verificaci\u00f3n razonablemente justa<\/a> - es el concepto de confianza m\u00e1s importante en los juegos de choque. A continuaci\u00f3n, pase a <a href=\"\/es\/guias\/juego-responsable\/\">Juego responsable<\/a> antes de jugar con dinero real.<\/p>\n\n\n\n<h3 class=\"wp-block-heading\" id=\"h-glossary\">Glosario r\u00e1pido<\/h3>\n\n\n\n<ul class=\"wp-block-list\">\n<li><strong>Multiplicador<\/strong> - El n\u00famero que aumenta durante una ronda de juego de choque. Cobra antes del choque para ganar tu apuesta multiplicada por el multiplicador.<\/li>\n\n\n\n<li><strong>Auto-cashout<\/strong> - Un ajuste que te hace cobrar autom\u00e1ticamente cuando el multiplicador alcanza el objetivo elegido.<\/li>\n\n\n\n<li><strong>Ventaja de la casa<\/strong> - El porcentaje de cada apuesta que el casino mantiene de media a lo largo del tiempo. Normalmente de 1% a 5% en juegos de choque.<\/li>\n\n\n\n<li><strong>Probablemente justo<\/strong> - Un sistema criptogr\u00e1fico que permite a los jugadores verificar que cada ronda no ha sido manipulada.<\/li>\n\n\n\n<li><strong>Desviaci\u00f3n<\/strong> - Los altibajos naturales de los resultados a corto plazo en torno a la media a largo plazo (RTP).<\/li>\n\n\n\n<li><strong>L\u00edmite de la sesi\u00f3n<\/strong> - Un presupuesto preestablecido o una restricci\u00f3n de tiempo que fijas antes de jugar para evitar gastar m\u00e1s de la cuenta.<\/li>\n<\/ul>\n\n\n\n<p><em>Los juegos de choque son de alta volatilidad y los resultados son aleatorios. Entender esta mec\u00e1nica no cambiar\u00e1 las probabilidades, pero te ayudar\u00e1 a tomar mejores decisiones sobre c\u00f3mo, cu\u00e1ndo y si jugar.<\/em><\/p>","protected":false},"excerpt":{"rendered":"<p>Crash games look simple on the surface \u2014 a multiplier goes up, you cash out or you do not. But underneath that simplicity are mechanics that directly affect your experience: RTP determines how much the house keeps over time, volatility shapes how wild your sessions feel, and provably fair lets you check whether a round [&hellip;]<\/p>\n","protected":false},"author":1,"featured_media":351,"parent":0,"menu_order":0,"comment_status":"closed","ping_status":"closed","template":"","meta":{"_acf_changed":false,"footnotes":""},"class_list":["post-349","page","type-page","status-publish","has-post-thumbnail","hentry"],"acf":[],"_links":{"self":[{"href":"https:\/\/crash-games.net\/es\/wp-json\/wp\/v2\/pages\/349","targetHints":{"allow":["GET"]}}],"collection":[{"href":"https:\/\/crash-games.net\/es\/wp-json\/wp\/v2\/pages"}],"about":[{"href":"https:\/\/crash-games.net\/es\/wp-json\/wp\/v2\/types\/page"}],"author":[{"embeddable":true,"href":"https:\/\/crash-games.net\/es\/wp-json\/wp\/v2\/users\/1"}],"replies":[{"embeddable":true,"href":"https:\/\/crash-games.net\/es\/wp-json\/wp\/v2\/comments?post=349"}],"version-history":[{"count":2,"href":"https:\/\/crash-games.net\/es\/wp-json\/wp\/v2\/pages\/349\/revisions"}],"predecessor-version":[{"id":354,"href":"https:\/\/crash-games.net\/es\/wp-json\/wp\/v2\/pages\/349\/revisions\/354"}],"wp:featuredmedia":[{"embeddable":true,"href":"https:\/\/crash-games.net\/es\/wp-json\/wp\/v2\/media\/351"}],"wp:attachment":[{"href":"https:\/\/crash-games.net\/es\/wp-json\/wp\/v2\/media?parent=349"}],"curies":[{"name":"wp","href":"https:\/\/api.w.org\/{rel}","templated":true}]}}