{"id":349,"date":"2026-02-23T17:39:41","date_gmt":"2026-02-23T17:39:41","guid":{"rendered":"https:\/\/crash-games.net\/?page_id=349"},"modified":"2026-02-23T17:39:44","modified_gmt":"2026-02-23T17:39:44","slug":"anleitungen","status":"publish","type":"page","link":"https:\/\/crash-games.net\/de\/guides\/","title":{"rendered":"Crash Game Guides - Verstehe das Spiel bevor du spielst"},"content":{"rendered":"<p>Crash-Spiele sehen oberfl\u00e4chlich betrachtet einfach aus - ein Multiplikator steigt, Sie erhalten Geld oder nicht. Aber hinter dieser Einfachheit verbergen sich Mechanismen, die Ihre Erfahrung direkt beeinflussen: RTP bestimmt, wie viel das Haus im Laufe der Zeit einbeh\u00e4lt, die Volatilit\u00e4t bestimmt, wie wild sich Ihre Sitzungen anf\u00fchlen, und mit provably fair k\u00f6nnen Sie \u00fcberpr\u00fcfen, ob eine Runde legitim war.<\/p>\n\n\n\n<p>Die meisten Casinoseiten verbergen diese Informationen im Kleingedruckten oder lassen sie ganz weg. Wir sind der Meinung, dass die Spieler etwas Besseres verdient haben als das. Jeder Leitfaden in diesem Abschnitt ist in einfacher Sprache f\u00fcr Menschen geschrieben, die verstehen wollen, was tats\u00e4chlich passiert, wenn sie spielen - ohne Fachjargon.<\/p>\n\n\n<div class=\"wp-block-image\">\n<figure class=\"aligncenter size-large\"><img decoding=\"async\" width=\"1024\" height=\"683\" data-src=\"https:\/\/crash-games.net\/wp-content\/uploads\/2026\/02\/crash-game-rtp-explained-1024x683.webp\" alt=\"Einfaches Diagramm zur Erkl\u00e4rung von RTP und Hausvorteilen bei Crash-Spielen\" class=\"wp-image-352 lazyload\" data-srcset=\"https:\/\/crash-games.net\/wp-content\/uploads\/2026\/02\/crash-game-rtp-explained-1024x683.webp 1024w, https:\/\/crash-games.net\/wp-content\/uploads\/2026\/02\/crash-game-rtp-explained-300x200.webp 300w, https:\/\/crash-games.net\/wp-content\/uploads\/2026\/02\/crash-game-rtp-explained-768x512.webp 768w, https:\/\/crash-games.net\/wp-content\/uploads\/2026\/02\/crash-game-rtp-explained.webp 1536w\" data-sizes=\"(max-width: 1024px) 100vw, 1024px\" src=\"data:image\/svg+xml;base64,PHN2ZyB3aWR0aD0iMSIgaGVpZ2h0PSIxIiB4bWxucz0iaHR0cDovL3d3dy53My5vcmcvMjAwMC9zdmciPjwvc3ZnPg==\" style=\"--smush-placeholder-width: 1024px; --smush-placeholder-aspect-ratio: 1024\/683;\" \/><\/figure>\n<\/div>\n\n\n<h3 class=\"wp-block-heading\" id=\"h-available-guides\">Verf\u00fcgbare Leitf\u00e4den<\/h3>\n\n\n\n<p><strong>RTP Erl\u00e4utert<\/strong> - RTP steht f\u00fcr Return to Player und gibt den theoretischen Prozentsatz der Eins\u00e4tze an, den ein Spiel \u00fcber eine sehr gro\u00dfe Anzahl von Runden zur\u00fcckzahlt. Ein Crash-Spiel mit 97% RTP bedeutet, dass im Durchschnitt $3 von $100 Eins\u00e4tzen an das Haus gehen. Aber \u201cim Durchschnitt\u201d bedeutet nicht \u201cbei jeder Sitzung\u201d - und das ist der Teil, den die meisten Leute missverstehen.<\/p>\n\n\n\n<p><strong>Volatilit\u00e4t erkl\u00e4rt<\/strong> - Zwei Spiele k\u00f6nnen die gleichen RTP haben, sich aber v\u00f6llig unterschiedlich anf\u00fchlen. Bei einem Spiel werden vielleicht h\u00e4ufig kleine Betr\u00e4ge ausgezahlt, bei einem anderen eher selten, daf\u00fcr aber in gr\u00f6\u00dferen St\u00fccken. Die Volatilit\u00e4t beschreibt diesen Unterschied, und sie ist f\u00fcr das Spielerlebnis viel wichtiger, als den meisten Spielern bewusst ist - vor allem bei Crash-Spielen, die eher im oberen Bereich angesiedelt sind.<\/p>\n\n\n\n<p><strong>Nachweislich faire Verifizierung<\/strong> - Viele Crash-Spiele - insbesondere in Krypto-Casinos - verwenden eine nachweislich faire Technologie. Das bedeutet, dass Sie mathematisch \u00fcberpr\u00fcfen k\u00f6nnen, ob der Crash-Punkt f\u00fcr jede Runde bestimmt wurde <em>vor<\/em> die Runde hat begonnen und wurde nicht manipuliert. Unser Leitfaden f\u00fchrt Sie Schritt f\u00fcr Schritt durch den Verifizierungsprozess, mit echten Beispielen.<\/p>\n\n\n\n<p><strong>Verantwortungsvolles Gl\u00fccksspiel<\/strong> - Crash-Spiele sind schnell und fesselnd, was sie auch zu einem hohen Risiko f\u00fcr Spieler macht, die mit ihren Grenzen k\u00e4mpfen. Dieser Leitfaden enth\u00e4lt praktische Hilfsmittel: Sitzungsbudgets, Zeitlimits, M\u00f6glichkeiten des Selbstausschlusses, Warnzeichen f\u00fcr ein ungesundes Spiel und die Frage, wo man Unterst\u00fctzung findet, wenn man sie braucht.<\/p>\n\n\n\n<h3 class=\"wp-block-heading\" id=\"h-who-these-guides-are-for\">F\u00fcr wen diese Leitf\u00e4den bestimmt sind<\/h3>\n\n\n\n<p>Sie brauchen kein Mathematikstudium und keine Erfahrung im Gl\u00fccksspiel. Diese Leitf\u00e4den sind f\u00fcr jeden geschrieben, der Crash-Spiele spielt - oder dar\u00fcber nachdenkt - und fundierte Entscheidungen treffen m\u00f6chte. Ganz gleich, ob Sie schon tausend Runden gespielt haben oder nicht - wenn Sie hier beginnen, ersparen Sie sich sp\u00e4ter Verwirrung (und m\u00f6glicherweise Geld).<\/p>\n\n\n<div class=\"wp-block-image\">\n<figure class=\"aligncenter size-large\"><img decoding=\"async\" width=\"1024\" height=\"683\" data-src=\"https:\/\/crash-games.net\/wp-content\/uploads\/2026\/02\/crash-game-learning-center-1024x683.webp\" alt=\"Einsteigerfreundlicher Leitfaden zum Verst\u00e4ndnis der Crash-Spielmechanik\" class=\"wp-image-353 lazyload\" data-srcset=\"https:\/\/crash-games.net\/wp-content\/uploads\/2026\/02\/crash-game-learning-center-1024x683.webp 1024w, https:\/\/crash-games.net\/wp-content\/uploads\/2026\/02\/crash-game-learning-center-300x200.webp 300w, https:\/\/crash-games.net\/wp-content\/uploads\/2026\/02\/crash-game-learning-center-768x512.webp 768w, https:\/\/crash-games.net\/wp-content\/uploads\/2026\/02\/crash-game-learning-center.webp 1536w\" data-sizes=\"(max-width: 1024px) 100vw, 1024px\" src=\"data:image\/svg+xml;base64,PHN2ZyB3aWR0aD0iMSIgaGVpZ2h0PSIxIiB4bWxucz0iaHR0cDovL3d3dy53My5vcmcvMjAwMC9zdmciPjwvc3ZnPg==\" style=\"--smush-placeholder-width: 1024px; --smush-placeholder-aspect-ratio: 1024\/683;\" \/><\/figure>\n<\/div>\n\n\n<p>Wenn Sie ganz neu sind, beginnen Sie mit <a href=\"\/de\/anleitungen\/provably-fair-verification\/\">Nachweislich faire Verifizierung<\/a> - Es ist das wichtigste Vertrauenskonzept beim Crash-Gaming. Dann gehen Sie zu <a href=\"\/de\/anleitungen\/verantwortungsvolles-spielen\/\">Verantwortungsvolles Gl\u00fccksspiel<\/a> bevor Sie um echtes Geld spielen.<\/p>\n\n\n\n<h3 class=\"wp-block-heading\" id=\"h-glossary\">Schnelles Glossar<\/h3>\n\n\n\n<ul class=\"wp-block-list\">\n<li><strong>Multiplikator<\/strong> - Die Zahl, die sich w\u00e4hrend einer Crash-Spielrunde erh\u00f6ht. L\u00f6sen Sie vor dem Crash aus, um Ihren Einsatz mal dem Multiplikator zu gewinnen.<\/li>\n\n\n\n<li><strong>Auto-Cashout<\/strong> - Eine Einstellung, bei der Sie automatisch eine Auszahlung erhalten, wenn der Multiplikator das von Ihnen gew\u00e4hlte Ziel erreicht.<\/li>\n\n\n\n<li><strong>Hausvorteil<\/strong> - Der Prozentsatz jedes Einsatzes, den das Casino im Durchschnitt \u00fcber die Zeit beh\u00e4lt. Normalerweise 1% bis 5% bei Crash-Spielen.<\/li>\n\n\n\n<li><strong>Wahrscheinlich fair<\/strong> - Ein kryptografisches System, mit dem die Spieler nachweisen k\u00f6nnen, dass jede Runde nicht manipuliert wurde.<\/li>\n\n\n\n<li><strong>Abweichung<\/strong> - Das nat\u00fcrliche Auf und Ab der kurzfristigen Ergebnisse um den langfristigen Durchschnitt (RTP).<\/li>\n\n\n\n<li><strong>Begrenzung der Sitzung<\/strong> - Ein vorher festgelegtes Budget oder eine Zeitbeschr\u00e4nkung, die Sie vor dem Spielen festlegen, um zu vermeiden, dass Sie zu viel ausgeben.<\/li>\n<\/ul>\n\n\n\n<p><em>Crash-Spiele sind hochvolatil und die Ergebnisse sind zuf\u00e4llig. Das Verst\u00e4ndnis dieser Mechanismen wird die Chancen nicht ver\u00e4ndern - aber es wird Ihnen helfen, bessere Entscheidungen dar\u00fcber zu treffen, wie, wann und ob Sie spielen.<\/em><\/p>","protected":false},"excerpt":{"rendered":"<p>Crash games look simple on the surface \u2014 a multiplier goes up, you cash out or you do not. But underneath that simplicity are mechanics that directly affect your experience: RTP determines how much the house keeps over time, volatility shapes how wild your sessions feel, and provably fair lets you check whether a round [&hellip;]<\/p>\n","protected":false},"author":1,"featured_media":351,"parent":0,"menu_order":0,"comment_status":"closed","ping_status":"closed","template":"","meta":{"_acf_changed":false,"footnotes":""},"class_list":["post-349","page","type-page","status-publish","has-post-thumbnail","hentry"],"acf":[],"_links":{"self":[{"href":"https:\/\/crash-games.net\/de\/wp-json\/wp\/v2\/pages\/349","targetHints":{"allow":["GET"]}}],"collection":[{"href":"https:\/\/crash-games.net\/de\/wp-json\/wp\/v2\/pages"}],"about":[{"href":"https:\/\/crash-games.net\/de\/wp-json\/wp\/v2\/types\/page"}],"author":[{"embeddable":true,"href":"https:\/\/crash-games.net\/de\/wp-json\/wp\/v2\/users\/1"}],"replies":[{"embeddable":true,"href":"https:\/\/crash-games.net\/de\/wp-json\/wp\/v2\/comments?post=349"}],"version-history":[{"count":2,"href":"https:\/\/crash-games.net\/de\/wp-json\/wp\/v2\/pages\/349\/revisions"}],"predecessor-version":[{"id":354,"href":"https:\/\/crash-games.net\/de\/wp-json\/wp\/v2\/pages\/349\/revisions\/354"}],"wp:featuredmedia":[{"embeddable":true,"href":"https:\/\/crash-games.net\/de\/wp-json\/wp\/v2\/media\/351"}],"wp:attachment":[{"href":"https:\/\/crash-games.net\/de\/wp-json\/wp\/v2\/media?parent=349"}],"curies":[{"name":"wp","href":"https:\/\/api.w.org\/{rel}","templated":true}]}}